{"id":4644,"date":"2025-10-31T14:55:59","date_gmt":"2025-10-31T18:55:59","guid":{"rendered":"https:\/\/cbwa.ca\/scientific-studies\/"},"modified":"2025-11-07T05:42:23","modified_gmt":"2025-11-07T10:42:23","slug":"scientific-studies","status":"publish","type":"page","link":"https:\/\/cbwa.ca\/fr\/scientific-studies\/","title":{"rendered":"\u00c9tudes scientifiques"},"content":{"rendered":"<section class=\"wpb-content-wrapper\"><p>[vc_row tm_bgimagefixed=\u00a0\u00bb\u00a0\u00bb full_width=\u00a0\u00bbstretch_row_content_no_spaces\u00a0\u00bb][vc_column][vc_single_image image=\u00a0\u00bb3121&Prime; img_size=\u00a0\u00bbfull\u00a0\u00bb alignment=\u00a0\u00bbcenter\u00a0\u00bb][\/vc_column][\/vc_row][vc_row tm_bgimagefixed=\u00a0\u00bb\u00a0\u00bb break_in_responsive=\u00a0\u00bb991&Prime; full_width=\u00a0\u00bbstretch_row\u00a0\u00bb css=\u00a0\u00bb.vc_custom_1669907400605{padding-bottom: 20px !important;}\u00a0\u00bb tm_responsive_css=\u00a0\u00bb46178918|colbreak_no|||||||||colbreak_no|||||65px||0px||colbreak_no||||||||||colbreak_no|||||||||\u00a0\u00bb][vc_column reduce_extra_padding=\u00a0\u00bb991&Prime; tm_responsive_css=\u00a0\u00bb64061151|colbreak_no|||||||||colbreak_no|||||||30px||colbreak_no||||||||||colbreak_no|||||||||\u00a0\u00bb css=\u00a0\u00bb.vc_custom_1626073484664{padding-right: 60px !important;}\u00a0\u00bb]<div class=\"tm-element-heading-wrapper tm-heading-inner tm-element-align-left tm-seperator-solid tm-heading-style-vertical \"><section class=\"tm-vc_cta3-container\"><div class=\"tm-vc_general tm-vc_cta3 tm-cta3-only tm-vc_cta3-style-classic tm-vc_cta3-shape-rounded tm-vc_cta3-align-left tm-vc_cta3-color-transparent tm-vc_cta3-icon-size-md tm-vc_cta3-actions-no tm-cta3-without-desc\"><div class=\"tm-vc_cta3_content-container\"><div class=\"tm-vc_cta3-content\"><header class=\"tm-vc_cta3-content-header tm-wrap\"><div class=\"tm-vc_cta3-headers tm-wrap-cell\"><h2 class=\"tm-custom-heading \" >\u00c9tudes scientifiques<\/h2>\n<\/div><div class=\"heading-seperator\"><span><\/span><\/div><\/header><\/div><\/div><\/div><\/section><\/div> <!-- .tm-element-heading-wrapper container --> [\/vc_column][\/vc_row][vc_row][vc_column][vc_column_text]Cette \u00e9tude a r\u00e9v\u00e9l\u00e9 des r\u00e9sultats fascinants : <strong>une consommation d\u2019eau plus faible est li\u00e9e \u00e0 une r\u00e9ponse du cortisol plus forte face au stress.<\/strong> Vous pouvez consulter l\u2019\u00e9tude ici (anglais seulement) <a href=\"https:\/\/pubmed.ncbi.nlm.nih.gov\/40803748\/\" target=\"_blank\" rel=\"noopener\">Habitual fluid intake and hydration status influence cortisol reactivity to acute psychosocial stress &#8211; PubMed<\/a><\/p>\n<p>&nbsp;<\/p>\n<p><b>Articles :<\/b><\/p>\n<ul>\n<li><em>The Telegraph (anglais seulement): <\/em><a href=\"https:\/\/www.telegraph.co.uk\/news\/2025\/08\/22\/drink-water-stop-feeling-stressed\/\" target=\"_blank\" rel=\"noopener\"><em>Why drinking water can make you feel less stressed<\/em><\/a><\/li>\n<li><em>Daily Mail (anglais seulement): <\/em><a href=\"https:\/\/www.dailymail.co.uk\/health\/article-15021689\/Not-drinking-water-alarming-health-problem-stress.html\" target=\"_blank\" rel=\"noopener\"><em>Not drinking enough water could trigger an alarming health problem &#8211; and it&rsquo;s not dehydration | Daily Mail Online<\/em><\/a><\/li>\n<li><em>Science &amp; Vie:\u00a0<\/em><a href=\"https:\/\/www.science-et-vie.com\/corps-et-sante\/vous-etes-souvent-tres-stresse-cela-pourrait-avoir-un-lien-avec-votre-consommation-deau-208942.html\" target=\"_blank\" rel=\"noopener\"><em>Vous \u00eates souvent tr\u00e8s stress\u00e9 ? Cela pourrait avoir un lien avec votre consommation d&rsquo;eau &#8211; Science et vie<\/em><\/a><\/li>\n<\/ul>\n<p>[\/vc_column_text][\/vc_column][\/vc_row][vc_row][vc_column][vc_column_text][\/vc_column_text][\/vc_column][\/vc_row]<\/p>\n<\/section>","protected":false},"excerpt":{"rendered":"<p>[vc_row tm_bgimagefixed=\u00a0\u00bb\u00a0\u00bb full_width=\u00a0\u00bbstretch_row_content_no_spaces\u00a0\u00bb][vc_column][vc_single_image image=\u00a0\u00bb3121&Prime; img_size=\u00a0\u00bbfull\u00a0\u00bb alignment=\u00a0\u00bbcenter\u00a0\u00bb][\/vc_column][\/vc_row][vc_row tm_bgimagefixed=\u00a0\u00bb\u00a0\u00bb break_in_responsive=\u00a0\u00bb991&Prime; full_width=\u00a0\u00bbstretch_row\u00a0\u00bb css=\u00a0\u00bb.vc_custom_1669907400605{padding-bottom: 20px !important;}\u00a0\u00bb tm_responsive_css=\u00a0\u00bb46178918|colbreak_no|||||||||colbreak_no|||||65px||0px||colbreak_no||||||||||colbreak_no|||||||||\u00a0\u00bb][vc_column reduce_extra_padding=\u00a0\u00bb991&Prime; tm_responsive_css=\u00a0\u00bb64061151|colbreak_no|||||||||colbreak_no|||||||30px||colbreak_no||||||||||colbreak_no|||||||||\u00a0\u00bb css=\u00a0\u00bb.vc_custom_1626073484664{padding-right: 60px !important;}\u00a0\u00bb][\/vc_column][\/vc_row][vc_row][vc_column][vc_column_text]Cette \u00e9tude a r\u00e9v\u00e9l\u00e9 des r\u00e9sultats fascinants : une consommation d\u2019eau plus faible est li\u00e9e \u00e0 une r\u00e9ponse du cortisol plus forte face au stress. Vous pouvez consulter l\u2019\u00e9tude ici (anglais seulement) Habitual fluid intake and hydration status &hellip; <a href=\"https:\/\/cbwa.ca\/fr\/scientific-studies\/\" class=\"more-link\">Continue reading <span class=\"screen-reader-text\">\u00c9tudes scientifiques<\/span><\/a><\/p>\n","protected":false},"author":1,"featured_media":0,"parent":0,"menu_order":0,"comment_status":"closed","ping_status":"closed","template":"","meta":{"slim_seo":{"description":"Canadian Bottled Water Association Scientific Studies","title":"\u00c9tudes scientifiques - CBWA | Canadian Bottled Water Association"},"footnotes":""},"class_list":["post-4644","page","type-page","status-publish","hentry"],"_links":{"self":[{"href":"https:\/\/cbwa.ca\/fr\/wp-json\/wp\/v2\/pages\/4644","targetHints":{"allow":["GET"]}}],"collection":[{"href":"https:\/\/cbwa.ca\/fr\/wp-json\/wp\/v2\/pages"}],"about":[{"href":"https:\/\/cbwa.ca\/fr\/wp-json\/wp\/v2\/types\/page"}],"author":[{"embeddable":true,"href":"https:\/\/cbwa.ca\/fr\/wp-json\/wp\/v2\/users\/1"}],"replies":[{"embeddable":true,"href":"https:\/\/cbwa.ca\/fr\/wp-json\/wp\/v2\/comments?post=4644"}],"version-history":[{"count":4,"href":"https:\/\/cbwa.ca\/fr\/wp-json\/wp\/v2\/pages\/4644\/revisions"}],"predecessor-version":[{"id":4655,"href":"https:\/\/cbwa.ca\/fr\/wp-json\/wp\/v2\/pages\/4644\/revisions\/4655"}],"wp:attachment":[{"href":"https:\/\/cbwa.ca\/fr\/wp-json\/wp\/v2\/media?parent=4644"}],"curies":[{"name":"wp","href":"https:\/\/api.w.org\/{rel}","templated":true}]}}