{"id":4186,"date":"2024-01-31T16:40:19","date_gmt":"2024-01-31T21:40:19","guid":{"rendered":"https:\/\/cbwa.ca\/?page_id=4186"},"modified":"2026-03-09T10:30:22","modified_gmt":"2026-03-09T14:30:22","slug":"des-fournisseurs-de-confiance","status":"publish","type":"page","link":"https:\/\/cbwa.ca\/fr\/des-fournisseurs-de-confiance\/","title":{"rendered":"Des fournisseurs de confiance"},"content":{"rendered":"<section class=\"wpb-content-wrapper\"><p>[vc_row tm_bgimagefixed=\u00a0\u00bb\u00a0\u00bb full_width=\u00a0\u00bbstretch_row_content_no_spaces\u00a0\u00bb][vc_column][vc_single_image image=\u00a0\u00bb3523&Prime; img_size=\u00a0\u00bbfull\u00a0\u00bb alignment=\u00a0\u00bbcenter\u00a0\u00bb][\/vc_column][\/vc_row][vc_row tm_bgimagefixed=\u00a0\u00bb\u00a0\u00bb break_in_responsive=\u00a0\u00bb991&Prime; full_width=\u00a0\u00bbstretch_row\u00a0\u00bb css=\u00a0\u00bb.vc_custom_1669907400605{padding-bottom: 20px !important;}\u00a0\u00bb tm_responsive_css=\u00a0\u00bb46178918|colbreak_no|||||||||colbreak_no|||||65px||0px||colbreak_no||||||||||colbreak_no|||||||||\u00a0\u00bb][vc_column reduce_extra_padding=\u00a0\u00bb991&Prime; tm_responsive_css=\u00a0\u00bb64061151|colbreak_no|||||||||colbreak_no|||||||30px||colbreak_no||||||||||colbreak_no|||||||||\u00a0\u00bb css=\u00a0\u00bb.vc_custom_1626073484664{padding-right: 60px !important;}\u00a0\u00bb][vc_single_image image=\u00a0\u00bb3858&Prime; img_size=\u00a0\u00bbfull\u00a0\u00bb]<div class=\"tm-element-heading-wrapper tm-heading-inner tm-element-align-left tm-seperator-solid tm-heading-style-vertical \"><section class=\"tm-vc_cta3-container\"><div class=\"tm-vc_general tm-vc_cta3 tm-cta3-only tm-vc_cta3-style-classic tm-vc_cta3-shape-rounded tm-vc_cta3-align-left tm-vc_cta3-color-transparent tm-vc_cta3-icon-size-md tm-vc_cta3-actions-no tm-cta3-without-desc\"><div class=\"tm-vc_cta3_content-container\"><div class=\"tm-vc_cta3-content\"><header class=\"tm-vc_cta3-content-header tm-wrap\"><div class=\"tm-vc_cta3-headers tm-wrap-cell\"><h2 class=\"tm-custom-heading \" >Des fournisseurs de confiance 2026<\/h2>\n<\/div><div class=\"heading-seperator\"><span><\/span><\/div><\/header><\/div><\/div><\/div><\/section><\/div> <!-- .tm-element-heading-wrapper container --> [\/vc_column][\/vc_row][vc_row][vc_column][vc_column_text]<\/p>\n<h3><strong>Altium Packaging<\/strong><\/h3>\n<p><em>GA, USA<\/em><br \/>\nT\u00e9l\u00e9phone: 678 742-4600<\/p>\n<p><em>QC, Canada<\/em><br \/>\nT\u00e9l\u00e9phone: 438 334-1490<\/p>\n<p><a href=\"https:\/\/www.altiumpkg.com\" target=\"_blank\" rel=\"noopener\">www.altiumpkg.com<\/a><\/p>\n<p><span style=\"color: #004683;\"><strong>Produits\/Services: <\/strong><\/span>Bouteilles \u2013 Plastique (2 litres et plus)[\/vc_column_text][\/vc_column][\/vc_row][vc_row][vc_column][vc_separator][\/vc_column][\/vc_row][vc_row][vc_column][vc_column_text]<\/p>\n<h3><strong>Atlas Copco Compressors Canada<\/strong><\/h3>\n<p><em>QC, Canada<\/em><br \/>\nT\u00e9l\u00e9phone: 514 421-8604<\/p>\n<p><a href=\"https:\/\/www.atlascopco.com\" target=\"_blank\" rel=\"noopener\">www.atlascopco.com<\/a><\/p>\n<p><span style=\"color: #004683;\"><strong>Produits\/Services: <\/strong><\/span> Compresseur d&rsquo;air; \u00c9quipement de moulage par soufflage[\/vc_column_text][\/vc_column][\/vc_row][vc_row][vc_column][vc_separator][\/vc_column][\/vc_row][vc_row][vc_column width=\u00a0\u00bb2\/3&Prime;][vc_column_text]<\/p>\n<h3><strong>Edge Analytical Laboratories<\/strong><\/h3>\n<p>WA, USA<br \/>\nTelephone: 360 757-1400<\/p>\n<p><a href=\"https:\/\/www.edgeanalytical.com\" target=\"_blank\" rel=\"noopener\">www.edgeanalytical.com<\/a><\/p>\n<h3><strong>Branches:<\/strong><\/h3>\n<h3><strong>Edge Analytical, Inc.<\/strong><\/h3>\n<p><em>WA, USA<\/em><br \/>\nT\u00e9l\u00e9phone: 306 715-1212<\/p>\n<p><em>OR, USA<\/em><br \/>\nT\u00e9l\u00e9phone: 503 682-7802<\/p>\n<p><em>OR, USA<\/em><br \/>\nT\u00e9l\u00e9phone: 541 753-4946<\/p>\n<p><span style=\"color: #004683;\"><strong>Produits\/Services: <\/strong><\/span>Analyse de l&rsquo;eau[\/vc_column_text][\/vc_column][vc_column width=\u00a0\u00bb1\/3&Prime;][vc_empty_space][vc_single_image image=\u00a0\u00bb4172&Prime; img_size=\u00a0\u00bbmedium\u00a0\u00bb alignment=\u00a0\u00bbcenter\u00a0\u00bb onclick=\u00a0\u00bbcustom_link\u00a0\u00bb img_link_target=\u00a0\u00bb_blank\u00a0\u00bb link=\u00a0\u00bbhttps:\/\/www.edgeanalytical.com\u00a0\u00bb][\/vc_column][\/vc_row][vc_row][vc_column][vc_separator][\/vc_column][\/vc_row][vc_row][vc_column width=\u00a0\u00bb2\/3&Prime;][vc_column_text]<\/p>\n<h3><strong>H2O Dynamic Solutions Inc.<\/strong><\/h3>\n<p>ON, Canada<br \/>\nT\u00e9l\u00e9phone: 905 396-7594<\/p>\n<p><a href=\"https:\/\/www.h2odynamicsolutions.ca\" target=\"_blank\" rel=\"noopener\">www.h2odynamicsolutions.ca<\/a><\/p>\n<p><span style=\"color: #004683;\"><strong>Produits\/Services: <\/strong><\/span> Services d&rsquo;audit ; Construction\/conception d&rsquo;une usine d&rsquo;eau en bouteille ; Consultants \u2013 \u00c9quipements, produits, services ; Surveillance environnementale, \u00e9valuation ; \u00c9quipement de filtration ; S\u00e9curit\u00e9 des aliments et des boissons (par exemple, HACCP SOQ) ; \u00c9quipement d&rsquo;ozonation, d\u00e9tection, syst\u00e8mes de production : contr\u00f4le qualit\u00e9, enqu\u00eate, assurance : surveillance des sources, protection, forage[\/vc_column_text][\/vc_column][vc_column width=\u00a0\u00bb1\/3&Prime;][vc_empty_space][vc_single_image image=\u00a0\u00bb4175&Prime; img_size=\u00a0\u00bbmedium\u00a0\u00bb alignment=\u00a0\u00bbcenter\u00a0\u00bb onclick=\u00a0\u00bbcustom_link\u00a0\u00bb link=\u00a0\u00bbhttps:\/\/www.h2odynamicsolutions.ca\u00a0\u00bb][\/vc_column][\/vc_row][vc_row][vc_column][vc_separator][\/vc_column][\/vc_row][vc_row][vc_column][vc_column_text]<\/p>\n<h3><strong>Multi Design Inc.<\/strong><\/h3>\n<p>QC, Canada<br \/>\nT\u00e9l\u00e9phone: 514 352-5959<\/p>\n<p><a href=\"https:\/\/www.multidesign.ca\" target=\"_blank\" rel=\"noopener\">www.multidesign.ca<\/a><\/p>\n<p><span style=\"color: #004683;\"><strong>Produits\/Services: <\/strong><\/span> Bouteilles \u2013 Plastique (2 litres et plus) ; Fermetures[\/vc_column_text][\/vc_column][\/vc_row][vc_row][vc_column][vc_separator][\/vc_column][\/vc_row][vc_row][vc_column width=\u00a0\u00bb1\/2&Prime;][vc_column_text]<\/p>\n<h3><strong>Petainer Manufacturing USA Inc.<\/strong><\/h3>\n<p>TN, USA<br \/>\nT\u00e9l\u00e9phone: 615 500-5206<\/p>\n<p><strong>Petainer Manufacturing Inc.<\/strong><br \/>\nID, USA<br \/>\nT\u00e9l\u00e9phone: 731 624-1640<\/p>\n<p><a href=\"https:\/\/www.pertainer.com\" target=\"_blank\" rel=\"noopener\">www.pertainer.com<\/a><\/p>\n<p><span style=\"color: #004683;\"><strong>Produits\/Services: <\/strong><\/span> Adh\u00e9sifs \u2013 Emballage, \u00e9tiquetage ; \u00c9quipement de moulage par soufflage, \u00e9quipement de moulage par soufflage \u2013 \u00e9tirement par injection ; Pr\u00e9formes de bouteilles ; Bouteilles \u2013 Plastique (PET) (moins de 2 litres) ; Bouteilles \u2013 Plastique (PET) (2 litres et plus)[\/vc_column_text][\/vc_column][vc_column width=\u00a0\u00bb1\/2&Prime;][vc_empty_space][vc_single_image image=\u00a0\u00bb4227&Prime; img_size=\u00a0\u00bbmedium\u00a0\u00bb alignment=\u00a0\u00bbcenter\u00a0\u00bb onclick=\u00a0\u00bbcustom_link\u00a0\u00bb link=\u00a0\u00bbhttps:\/\/www.petainer.com\/\u00a0\u00bb][\/vc_column][\/vc_row][vc_row][vc_column][vc_separator][\/vc_column][\/vc_row][vc_row][vc_column][vc_column_text]<\/p>\n<h3><strong>Quantum Stratergy Ltd.<\/strong><\/h3>\n<p>NS, Canada<br \/>\nT\u00e9l\u00e9phone: 514 889-2251<\/p>\n<p><span style=\"color: #004683;\"><strong>Products\/Services: <\/strong><\/span> Service de v\u00e9rification ; S\u00e9curit\u00e9 des aliments et des boissons (p. ex. HACCP, SOQ) ; Contr\u00f4le qualit\u00e9, enqu\u00eate, assurance, surveillance des sources, protection, forage[\/vc_column_text][\/vc_column][\/vc_row][vc_row][vc_column][vc_separator][\/vc_column][\/vc_row][vc_row][vc_column width=\u00a0\u00bb2\/3&Prime;][vc_column_text]<\/p>\n<h3><strong>Steelhead<\/strong><\/h3>\n<p>TX, USA<br \/>\nT\u00e9l\u00e9phone: 210 628-1066<\/p>\n<p><a href=\"https:\/\/www.steelheadinc.com\" target=\"_blank\" rel=\"noopener\">www.steelheadinc.com<\/a><\/p>\n<p><span style=\"color: #004683;\"><strong>Products\/Services: <\/strong><\/span> \u00c9quipement de manutention de bouteilles ; Lave-bouteilles ; Construction\/conception d&rsquo;une usine d&rsquo;eau en bouteille ; \u00c9quipement de bouchage ; Rondelles de caisses ; \u00c9quipement de codage ; Consultants \u2013 \u00c9quipements, produits, services ; Syst\u00e8mes de convoyeurs ; D\u00e9capsuleurs ; d\u00e9tecteurs ; \u00c9quipement de distillation ; \u00c9quipement de remplissage ; \u00c9quipement de filtration ; \u00c9quipement d&rsquo;\u00e9tiquetage ; \u00c9quipement d&rsquo;ozonation, syst\u00e8mes de g\u00e9n\u00e9ration de d\u00e9tection : palettiseurs, d\u00e9palettiseurs ; Pompes; Chargeurs, d\u00e9chargeurs \u00e0 cr\u00e9maill\u00e8re ; \u00c9quipement d&rsquo;osmose inverse ; Robotique, Automatisation ; \u00c9quipement ultraviolet ; \u00c9quipement de traitement de l&rsquo;eau ; \u00c9quipement de purification de l&rsquo;eau[\/vc_column_text][\/vc_column][vc_column width=\u00a0\u00bb1\/3&Prime;][vc_empty_space][vc_single_image image=\u00a0\u00bb4180&Prime; img_size=\u00a0\u00bbmedium\u00a0\u00bb alignment=\u00a0\u00bbcenter\u00a0\u00bb onclick=\u00a0\u00bbcustom_link\u00a0\u00bb link=\u00a0\u00bbhttps:\/\/www.steelheadinc.com\u00a0\u00bb][vc_single_image image=\u00a0\u00bb4178&Prime; img_size=\u00a0\u00bbmedium\u00a0\u00bb alignment=\u00a0\u00bbcenter\u00a0\u00bb onclick=\u00a0\u00bbcustom_link\u00a0\u00bb link=\u00a0\u00bbhttps:\/\/www.steelheadinc.com\u00a0\u00bb][\/vc_column][\/vc_row][vc_row][vc_column][vc_empty_space height=\u00a0\u00bb40px\u00a0\u00bb][\/vc_column][\/vc_row]<\/p>\n<\/section>","protected":false},"excerpt":{"rendered":"<p>[vc_row tm_bgimagefixed=\u00a0\u00bb\u00a0\u00bb full_width=\u00a0\u00bbstretch_row_content_no_spaces\u00a0\u00bb][vc_column][vc_single_image image=\u00a0\u00bb3523&Prime; img_size=\u00a0\u00bbfull\u00a0\u00bb alignment=\u00a0\u00bbcenter\u00a0\u00bb][\/vc_column][\/vc_row][vc_row tm_bgimagefixed=\u00a0\u00bb\u00a0\u00bb break_in_responsive=\u00a0\u00bb991&Prime; full_width=\u00a0\u00bbstretch_row\u00a0\u00bb css=\u00a0\u00bb.vc_custom_1669907400605{padding-bottom: 20px !important;}\u00a0\u00bb tm_responsive_css=\u00a0\u00bb46178918|colbreak_no|||||||||colbreak_no|||||65px||0px||colbreak_no||||||||||colbreak_no|||||||||\u00a0\u00bb][vc_column reduce_extra_padding=\u00a0\u00bb991&Prime; tm_responsive_css=\u00a0\u00bb64061151|colbreak_no|||||||||colbreak_no|||||||30px||colbreak_no||||||||||colbreak_no|||||||||\u00a0\u00bb css=\u00a0\u00bb.vc_custom_1626073484664{padding-right: 60px !important;}\u00a0\u00bb][vc_single_image image=\u00a0\u00bb3858&Prime; img_size=\u00a0\u00bbfull\u00a0\u00bb][\/vc_column][\/vc_row][vc_row][vc_column][vc_column_text] Altium Packaging GA, USA T\u00e9l\u00e9phone: 678 742-4600 QC, Canada T\u00e9l\u00e9phone: 438 334-1490 www.altiumpkg.com Produits\/Services: Bouteilles \u2013 Plastique (2 litres et plus)[\/vc_column_text][\/vc_column][\/vc_row][vc_row][vc_column][vc_separator][\/vc_column][\/vc_row][vc_row][vc_column][vc_column_text] Atlas Copco Compressors Canada QC, Canada T\u00e9l\u00e9phone: 514 421-8604 www.atlascopco.com Produits\/Services: Compresseur d&rsquo;air; \u00c9quipement &hellip; <a href=\"https:\/\/cbwa.ca\/fr\/des-fournisseurs-de-confiance\/\" class=\"more-link\">Continue reading <span class=\"screen-reader-text\">Des fournisseurs de confiance<\/span><\/a><\/p>\n","protected":false},"author":1,"featured_media":0,"parent":0,"menu_order":0,"comment_status":"closed","ping_status":"closed","template":"","meta":{"slim_seo":{"title":"ACEE | Des fournisseurs de confiance","description":"Nous repr\u00e9sentons l\u2019industrie canadienne de l\u2019eau embouteill\u00e9e et assurons que des normes \u00e9lev\u00e9es de qualit\u00e9 soient respect\u00e9es en tout temps."},"footnotes":""},"class_list":["post-4186","page","type-page","status-publish","hentry"],"_links":{"self":[{"href":"https:\/\/cbwa.ca\/fr\/wp-json\/wp\/v2\/pages\/4186","targetHints":{"allow":["GET"]}}],"collection":[{"href":"https:\/\/cbwa.ca\/fr\/wp-json\/wp\/v2\/pages"}],"about":[{"href":"https:\/\/cbwa.ca\/fr\/wp-json\/wp\/v2\/types\/page"}],"author":[{"embeddable":true,"href":"https:\/\/cbwa.ca\/fr\/wp-json\/wp\/v2\/users\/1"}],"replies":[{"embeddable":true,"href":"https:\/\/cbwa.ca\/fr\/wp-json\/wp\/v2\/comments?post=4186"}],"version-history":[{"count":3,"href":"https:\/\/cbwa.ca\/fr\/wp-json\/wp\/v2\/pages\/4186\/revisions"}],"predecessor-version":[{"id":4803,"href":"https:\/\/cbwa.ca\/fr\/wp-json\/wp\/v2\/pages\/4186\/revisions\/4803"}],"wp:attachment":[{"href":"https:\/\/cbwa.ca\/fr\/wp-json\/wp\/v2\/media?parent=4186"}],"curies":[{"name":"wp","href":"https:\/\/api.w.org\/{rel}","templated":true}]}}