{"id":3731,"date":"2022-12-05T15:01:48","date_gmt":"2022-12-05T20:01:48","guid":{"rendered":"https:\/\/insitucreative.com\/cbwa\/mockup\/technical-training-tools\/"},"modified":"2025-09-26T09:58:14","modified_gmt":"2025-09-26T13:58:14","slug":"formation-technique","status":"publish","type":"page","link":"https:\/\/cbwa.ca\/fr\/formation-technique\/","title":{"rendered":"Formation technique"},"content":{"rendered":"<section class=\"wpb-content-wrapper\"><p>[vc_row tm_bgimagefixed=\u00a0\u00bb\u00a0\u00bb full_width=\u00a0\u00bbstretch_row_content_no_spaces\u00a0\u00bb][vc_column][vc_single_image image=\u00a0\u00bb2856&Prime; img_size=\u00a0\u00bbfull\u00a0\u00bb alignment=\u00a0\u00bbcenter\u00a0\u00bb][\/vc_column][\/vc_row][vc_row tm_bgimagefixed=\u00a0\u00bb\u00a0\u00bb break_in_responsive=\u00a0\u00bb991&Prime; full_width=\u00a0\u00bbstretch_row\u00a0\u00bb css=\u00a0\u00bb.vc_custom_1669907400605{padding-bottom: 20px !important;}\u00a0\u00bb tm_responsive_css=\u00a0\u00bb46178918|colbreak_no|||||||||colbreak_no|||||65px||0px||colbreak_no||||||||||colbreak_no|||||||||\u00a0\u00bb][vc_column reduce_extra_padding=\u00a0\u00bb991&Prime; tm_responsive_css=\u00a0\u00bb64061151|colbreak_no|||||||||colbreak_no|||||||30px||colbreak_no||||||||||colbreak_no|||||||||\u00a0\u00bb css=\u00a0\u00bb.vc_custom_1626073484664{padding-right: 60px !important;}\u00a0\u00bb]<div class=\"tm-element-heading-wrapper tm-heading-inner tm-element-align-left tm-seperator-solid tm-heading-style-vertical \"><section class=\"tm-vc_cta3-container\"><div class=\"tm-vc_general tm-vc_cta3 tm-cta3-only tm-vc_cta3-style-classic tm-vc_cta3-shape-rounded tm-vc_cta3-align-left tm-vc_cta3-color-transparent tm-vc_cta3-icon-size-md tm-vc_cta3-actions-no tm-cta3-with-desc\"><div class=\"tm-vc_cta3_content-container\"><div class=\"tm-vc_cta3-content\"><header class=\"tm-vc_cta3-content-header tm-wrap\"><div class=\"tm-vc_cta3-headers tm-wrap-cell\"><h4 class=\"tm-custom-heading \" >ACEE site eLearn<\/h4>\n<h2 class=\"tm-custom-heading \" >Formation technique<\/h2>\n<\/div><div class=\"heading-seperator\"><span><\/span><\/div><\/header><div class=\"tm-cta3-content-wrapper\"><p>Cette plateforme inclut des modules d\u2019apprentissage pour op\u00e9rateurs d\u2019installation accr\u00e9dit\u00e9s.<\/p><\/div><\/div><\/div><\/div><\/section><\/div> <!-- .tm-element-heading-wrapper container --> [vc_column_text]<span style=\"color: #ff0000;\"><strong>* Pour membres seulement *<\/strong><\/span>[\/vc_column_text][vc_column_text]<\/p>\n<h4>Le programme comprend:<\/h4>\n<p>[\/vc_column_text][\/vc_column][\/vc_row][vc_row][vc_column width=\u00a0\u00bb1\/2&Prime;]<div class=\"themetechmount-iconbox themetechmount-iconbox-stylefive \">\n\t<div class=\"themetechmount-iconbox-inner\">\n\t\t<div class=\"tm-iconbox-wrapper\">\n\t\t\t<div class=\"themetechmount-iconbox-icon\">\n\t\t\t\t<div class=\"tm-box-icon\"><i class=\"fa fa-thumbs-o-up\"><\/i><\/div>\t\n\t\t\t<\/div>\n\t\t\t<div class=\"themetechmount-iconbox-heading\">\n\t\t\t\t<div class=\"tm-vc_general tm-vc_cta3 tm-cta3-only tm-vc_cta3-style-classic tm-vc_cta3-shape-rounded tm-vc_cta3-align-left tm-vc_cta3-color-transparent tm-vc_cta3-icon-size-md tm-vc_cta3-actions-no tm-cta3-without-desc\"><div class=\"tm-vc_cta3_content-container\"><div class=\"tm-vc_cta3-content\"><div class=\"tm-vc_cta3-headers tm-wrap-cell\"><h4 class=\"tm-custom-heading \">1. Programme d\u2019op\u00e9rateur certifi\u00e9 d\u2019usine<\/h4>\n<\/div><div class=\"heading-seperator\"><span><\/span><\/div><\/div><\/div><\/div>\t\t\t\t\t<div class=\"tm-iconbox-boxcontent\">\t\t\t\n\t\t\t\t\t\t\t\t\t\t<\/div>\n\t\t\t\t\t<div class=\"themetechmount-iconbox-button\">\n\t\t\t\t\t\r\n\t\t<div class=\"tm-vc_btn3-container tm-vc_btn3-inline\"><a class=\"tm-vc_general tm-vc_btn3 tm-vc_btn3-size-md tm-vc_btn3-shape-rounded tm-vc_btn3-style-text tm-vc_btn3-weight-no tm-vc_btn3-color-black\" href=\"https:\/\/cbwa.ca\/fr\/formulaire-de-commande\/\" title=\"Formulaire de commande\">Cliquez ici pour commander<\/a><\/div>\t\t\t\t\t<\/div>\n\t\t\t<\/div>\t\n\t\t<\/div>\n\t<\/div>\t\n<\/div>\n [\/vc_column][vc_column width=\u00a0\u00bb1\/2&Prime;]<div class=\"themetechmount-iconbox themetechmount-iconbox-stylefive \">\n\t<div class=\"themetechmount-iconbox-inner\">\n\t\t<div class=\"tm-iconbox-wrapper\">\n\t\t\t<div class=\"themetechmount-iconbox-icon\">\n\t\t\t\t<div class=\"tm-box-icon\"><i class=\"fa fa-angle-double-right\"><\/i><\/div>\t\n\t\t\t<\/div>\n\t\t\t<div class=\"themetechmount-iconbox-heading\">\n\t\t\t\t<div class=\"tm-vc_general tm-vc_cta3 tm-cta3-only tm-vc_cta3-style-classic tm-vc_cta3-shape-rounded tm-vc_cta3-align-left tm-vc_cta3-color-transparent tm-vc_cta3-icon-size-md tm-vc_cta3-actions-no tm-cta3-without-desc\"><div class=\"tm-vc_cta3_content-container\"><div class=\"tm-vc_cta3-content\"><div class=\"tm-vc_cta3-headers tm-wrap-cell\"><h4 class=\"tm-custom-heading \">2. Manuel d\u2019inspection<\/h4>\n<\/div><div class=\"heading-seperator\"><span><\/span><\/div><\/div><\/div><\/div>\t\t\t\t\t<div class=\"tm-iconbox-boxcontent\">\t\t\t\n\t\t\t\t\t\t\t\t\t\t<\/div>\n\t\t\t\t\t<div class=\"themetechmount-iconbox-button\">\n\t\t\t\t\t\r\n\t\t<div class=\"tm-vc_btn3-container tm-vc_btn3-inline\"><a class=\"tm-vc_general tm-vc_btn3 tm-vc_btn3-size-md tm-vc_btn3-shape-rounded tm-vc_btn3-style-text tm-vc_btn3-weight-no tm-vc_btn3-color-black\" href=\"https:\/\/cbwa.ca\/fr\/formulaire-de-commande\/\" title=\"Formulaire de commande\">Cliquez ici pour commander<\/a><\/div>\t\t\t\t\t<\/div>\n\t\t\t<\/div>\t\n\t\t<\/div>\n\t<\/div>\t\n<\/div>\n [\/vc_column][\/vc_row][vc_row][vc_column][vc_empty_space][vc_column_text]L&rsquo;ACEE exige, comme condition d&rsquo;adh\u00e9sion, que chaque embouteilleur ait au moins un employ\u00e9 \u00e0 temps plein qui dirige le travail dans l&rsquo;installation et qui a obtenu la reconnaissance de la CBWA comme CPO. Ce programme est con\u00e7u pour garantir que chaque embouteilleur a re\u00e7u la formation et la qualification ad\u00e9quates pour exploiter en toute s\u00e9curit\u00e9 une installation de fabrication d&rsquo;eau en bouteille. Le mat\u00e9riel des modules d&rsquo;apprentissage CPO a \u00e9t\u00e9 d\u00e9velopp\u00e9 pour aider les embouteilleurs \u00e0 se pr\u00e9parer \u00e0 l&rsquo;examen final CPO.<\/p>\n<p>Les modules d&rsquo;apprentissage du CPO se composent de 25 modules. Chaque module se concentre sur des domaines sp\u00e9cifiques du processus de fabrication, des normes de s\u00e9curit\u00e9 alimentaire et des contr\u00f4les de qualit\u00e9 requis par l\u2019ACEE et les r\u00e9glementations gouvernementales. Imm\u00e9diatement apr\u00e8s l&rsquo;ach\u00e8vement de chaque module, un petit quiz sera demand\u00e9 avec un score de 100% avant de passer au module suivant.<\/p>\n<h4>Code mod\u00e8le<\/h4>\n<p>Le code est con\u00e7u comme \u00ab\u00a0mod\u00e8le\u00a0\u00bb de \u00ab\u00a0r\u00e8glements\u00a0\u00bb ou de \u00ab\u00a0loi\u00a0\u00bb de l\u2019Association canadienne des eaux embouteill\u00e9es. Le code est un document en \u00e9volution constante. Il est destin\u00e9 \u00e0 fournir au lecteur un bref aper\u00e7u des exigences r\u00e9glementaires et des bonnes pratiques de l\u2019industrie pour la production d\u2019eau embouteill\u00e9e au Canada. Le document virtuel n\u2019est pas n\u00e9cessairement la plus r\u00e9cente version. Veuillez contacter l\u2019ACEE pour le code le plus r\u00e9cent.<\/p>\n<p><strong>Ce document est gratuit et il est disponible en t\u00e9l\u00e9chargement sur r\u00e9ception du\u00a0<\/strong><a href=\"https:\/\/insitucreative.com\/cbwa\/mockup\/fr\/formulaire-de-commande\/\"><strong>formulaire de commande<\/strong><\/a><strong>.<\/strong><\/p>\n<h4>Manuel d\u2019inspection<\/h4>\n<p>Ce manuel a \u00e9t\u00e9 d\u00e9velopp\u00e9 pour assister \u00e0 la pr\u00e9paration de l\u2019inspection annuelle des usines d\u2019embouteillage. L\u2019ACEE donne ce document \u00e0 l\u2019inspecteur ind\u00e9pendant pour l\u2019aider \u00e0 interpr\u00e9ter les r\u00e8glements f\u00e9d\u00e9raux et les exigences de l\u2019ACEE ainsi que leurs applications dans les usines d\u2019embouteillage. Le manuel sert aussi \u00e0 fournir les moyens pour une v\u00e9rification interne, faisant partie int\u00e9grante du programme HACCP de l\u2019usine. Il devient un outil incontournable pour se pr\u00e9parer \u00e0 une inspection annuelle, pour les op\u00e9rations quotidiennes et dans l\u2019\u00e9ventualit\u00e9 qu\u2019il y ait une inspection par l\u2019ACIA.<\/p>\n<p>Lorsque des d\u00e9ficiences sont not\u00e9es par l\u2019inspecteur ind\u00e9pendant, l\u2019usine devra entreprendre les correctifs n\u00e9cessaires pour rester membre de l\u2019ACEE. Pour ce qui est marqu\u00e9 \u00ab\u00a0critique\u00a0\u00bb la correction doit \u00eatre effectu\u00e9e imm\u00e9diatement.<\/p>\n<h4>Pratique de s\u00e9curit\u00e9 alimentaire de l\u2019ACEE<\/h4>\n<p>Les bonnes pratiques de salubrit\u00e9 alimentaire de l\u2019ACEE ont \u00e9t\u00e9 \u00e9labor\u00e9es par le comit\u00e9 technique de l\u2019association. Ce comit\u00e9 est compos\u00e9 d\u2019experts de l\u2019industrie (ACEE et CFSI). Le projet a \u00e9t\u00e9 financ\u00e9 par Agriculture et agro-alimentaire Canada \u00e0 l\u2019aide du programme Cultivons l\u2019avenir et en partenariat avec l\u2019Agence canadienne d\u2019inspection des aliments. Agriculture Canada fournit de l\u2019information, de la recherche et de la technologie, ainsi que des politiques et des programmes pour assurer la s\u00e9curit\u00e9 des aliments, de la sant\u00e9, de l\u2019environnement et de l\u2019innovation pour la croissance. L\u2019ACEE a g\u00e9r\u00e9 ce projet.[\/vc_column_text][\/vc_column][\/vc_row][vc_row][vc_column][vc_column_text][\/vc_column_text][\/vc_column][\/vc_row]<\/p>\n<\/section>","protected":false},"excerpt":{"rendered":"<p>[vc_row tm_bgimagefixed=\u00a0\u00bb\u00a0\u00bb full_width=\u00a0\u00bbstretch_row_content_no_spaces\u00a0\u00bb][vc_column][vc_single_image image=\u00a0\u00bb2856&Prime; img_size=\u00a0\u00bbfull\u00a0\u00bb alignment=\u00a0\u00bbcenter\u00a0\u00bb][\/vc_column][\/vc_row][vc_row tm_bgimagefixed=\u00a0\u00bb\u00a0\u00bb break_in_responsive=\u00a0\u00bb991&Prime; full_width=\u00a0\u00bbstretch_row\u00a0\u00bb css=\u00a0\u00bb.vc_custom_1669907400605{padding-bottom: 20px !important;}\u00a0\u00bb tm_responsive_css=\u00a0\u00bb46178918|colbreak_no|||||||||colbreak_no|||||65px||0px||colbreak_no||||||||||colbreak_no|||||||||\u00a0\u00bb][vc_column reduce_extra_padding=\u00a0\u00bb991&Prime; tm_responsive_css=\u00a0\u00bb64061151|colbreak_no|||||||||colbreak_no|||||||30px||colbreak_no||||||||||colbreak_no|||||||||\u00a0\u00bb css=\u00a0\u00bb.vc_custom_1626073484664{padding-right: 60px !important;}\u00a0\u00bb][vc_column_text]* Pour membres seulement *[\/vc_column_text][vc_column_text] Le programme comprend: [\/vc_column_text][\/vc_column][\/vc_row][vc_row][vc_column width=\u00a0\u00bb1\/2&Prime;][\/vc_column][vc_column width=\u00a0\u00bb1\/2&Prime;][\/vc_column][\/vc_row][vc_row][vc_column][vc_empty_space][vc_column_text]L&rsquo;ACEE exige, comme condition d&rsquo;adh\u00e9sion, que chaque embouteilleur ait au moins un employ\u00e9 \u00e0 temps plein qui dirige le travail dans l&rsquo;installation et qui a obtenu la reconnaissance &hellip; <a href=\"https:\/\/cbwa.ca\/fr\/formation-technique\/\" class=\"more-link\">Continue reading <span class=\"screen-reader-text\">Formation technique<\/span><\/a><\/p>\n","protected":false},"author":1,"featured_media":0,"parent":0,"menu_order":0,"comment_status":"closed","ping_status":"closed","template":"","meta":{"slim_seo":{"title":"ACEE | Formation technique","description":"Cette plateforme inclut des modules d\u2019apprentissage pour op\u00e9rateurs d\u2019installation accr\u00e9dit\u00e9s."},"footnotes":""},"class_list":["post-3731","page","type-page","status-publish","hentry"],"_links":{"self":[{"href":"https:\/\/cbwa.ca\/fr\/wp-json\/wp\/v2\/pages\/3731","targetHints":{"allow":["GET"]}}],"collection":[{"href":"https:\/\/cbwa.ca\/fr\/wp-json\/wp\/v2\/pages"}],"about":[{"href":"https:\/\/cbwa.ca\/fr\/wp-json\/wp\/v2\/types\/page"}],"author":[{"embeddable":true,"href":"https:\/\/cbwa.ca\/fr\/wp-json\/wp\/v2\/users\/1"}],"replies":[{"embeddable":true,"href":"https:\/\/cbwa.ca\/fr\/wp-json\/wp\/v2\/comments?post=3731"}],"version-history":[{"count":2,"href":"https:\/\/cbwa.ca\/fr\/wp-json\/wp\/v2\/pages\/3731\/revisions"}],"predecessor-version":[{"id":4549,"href":"https:\/\/cbwa.ca\/fr\/wp-json\/wp\/v2\/pages\/3731\/revisions\/4549"}],"wp:attachment":[{"href":"https:\/\/cbwa.ca\/fr\/wp-json\/wp\/v2\/media?parent=3731"}],"curies":[{"name":"wp","href":"https:\/\/api.w.org\/{rel}","templated":true}]}}