{"id":3717,"date":"2022-12-01T14:44:57","date_gmt":"2022-12-01T19:44:57","guid":{"rendered":"https:\/\/insitucreative.com\/cbwa\/mockup\/safety-and-quality\/"},"modified":"2025-09-26T10:11:06","modified_gmt":"2025-09-26T14:11:06","slug":"securite-et-qualite","status":"publish","type":"page","link":"https:\/\/cbwa.ca\/fr\/securite-et-qualite\/","title":{"rendered":"S\u00e9curit\u00e9 et qualit\u00e9"},"content":{"rendered":"<section class=\"wpb-content-wrapper\"><p>[vc_row tm_bgimagefixed=\u00a0\u00bb\u00a0\u00bb full_width=\u00a0\u00bbstretch_row_content_no_spaces\u00a0\u00bb][vc_column][vc_single_image image=\u00a0\u00bb3892&Prime; img_size=\u00a0\u00bbfull\u00a0\u00bb alignment=\u00a0\u00bbcenter\u00a0\u00bb][\/vc_column][\/vc_row][vc_row tm_bgimagefixed=\u00a0\u00bb\u00a0\u00bb break_in_responsive=\u00a0\u00bb991&Prime; full_width=\u00a0\u00bbstretch_row\u00a0\u00bb css=\u00a0\u00bb.vc_custom_1669907400605{padding-bottom: 20px !important;}\u00a0\u00bb tm_responsive_css=\u00a0\u00bb46178918|colbreak_no|||||||||colbreak_no|||||65px||0px||colbreak_no||||||||||colbreak_no|||||||||\u00a0\u00bb][vc_column reduce_extra_padding=\u00a0\u00bb991&Prime; tm_responsive_css=\u00a0\u00bb64061151|colbreak_no|||||||||colbreak_no|||||||30px||colbreak_no||||||||||colbreak_no|||||||||\u00a0\u00bb css=\u00a0\u00bb.vc_custom_1626073484664{padding-right: 60px !important;}\u00a0\u00bb]<div class=\"tm-element-heading-wrapper tm-heading-inner tm-element-align-left tm-seperator-solid tm-heading-style-vertical \"><section class=\"tm-vc_cta3-container\"><div class=\"tm-vc_general tm-vc_cta3 tm-cta3-only tm-vc_cta3-style-classic tm-vc_cta3-shape-rounded tm-vc_cta3-align-left tm-vc_cta3-color-transparent tm-vc_cta3-icon-size-md tm-vc_cta3-actions-no tm-cta3-with-desc\"><div class=\"tm-vc_cta3_content-container\"><div class=\"tm-vc_cta3-content\"><header class=\"tm-vc_cta3-content-header tm-wrap\"><div class=\"tm-vc_cta3-headers tm-wrap-cell\"><h2 class=\"tm-custom-heading \" >S\u00e9curit\u00e9 et qualit\u00e9<\/h2>\n<\/div><div class=\"heading-seperator\"><span><\/span><\/div><\/header><div class=\"tm-cta3-content-wrapper\"><p>Les consommateurs peuvent \u00eatre rassur\u00e9s au sujet de la s\u00e9curit\u00e9 de\u00a0<a href=\"https:\/\/cbwa.ca\/fr\/service\/des-marques-de-confiance\/\">l\u2019eau embouteill\u00e9e<\/a>\u00a0car il y a des r\u00e8gles rigoureuses autant f\u00e9d\u00e9rales que provinciales r\u00e9gissant celle-ci. De plus, l \u2018eau embouteill\u00e9e produite par les membres de l\u2019ACEE doit se conformer \u00e0 des r\u00e8gles de s\u00e9curit\u00e9 et d\u2019innocuit\u00e9 encore plus s\u00e9v\u00e8res que celles des autorit\u00e9s gouvernementales. Ces eaux embouteill\u00e9es sont prot\u00e9g\u00e9es par un syst\u00e8me \u00e0 plusieurs paliers, incluant la protection et le suivi de la source, ainsi que diverses \u00e9tapes de filtration du type microfiltration, osmose inverse, distillation, ozonation, d\u00e9sinfection par lumi\u00e8re ultra-violet, ou d\u2019autres mesures appropri\u00e9es.<\/p>\n<p>Les consommateurs sont assur\u00e9s que l\u2019eau embouteill\u00e9e produite par les membres de l\u2019ACEE ne contient pas de E-coli, de coliformes, de giardia ou de cryptosporidium car selon le code de l\u2019ACEE, les membres doivent prendre de l\u2019eau uniquement de sources approuv\u00e9es embouteill\u00e9e sous des conditions de salubrit\u00e9 rigoureuses et effectuer d\u2019analyses l\u2019eau r\u00e9guli\u00e8rement. De plus, les membres de l\u2019ACEE doivent suivre les r\u00e8gles f\u00e9d\u00e9rales existantes en ce qui a trait \u00e0 la pr\u00e9sence de bact\u00e9ries, et selon ces strictes r\u00e8gles, l\u2019eau embouteill\u00e9e ne doit pas contenir de bact\u00e9ries coliformes, ni de E-coli.<\/p>\n<p>Puisque l\u2019eau est naturelle, elle contient des bact\u00e9ries h\u00e9t\u00e9rotrophiques (HPC). Cette flore inoffensive est normale dans l\u2019eau embouteill\u00e9e et ne repr\u00e9sente pas de risque \u00e0 la sant\u00e9. En effet, il n\u2019y a jamais eu de maladie rapport\u00e9e associ\u00e9e avec HPC.<\/p><\/div><\/div><\/div><\/div><\/section><\/div> <!-- .tm-element-heading-wrapper container --> [\/vc_column][\/vc_row][vc_row tm_bgimagefixed=\u00a0\u00bb\u00a0\u00bb break_in_responsive=\u00a0\u00bb991&Prime; full_width=\u00a0\u00bbstretch_row\u00a0\u00bb css=\u00a0\u00bb.vc_custom_1669907400605{padding-bottom: 20px !important;}\u00a0\u00bb tm_responsive_css=\u00a0\u00bb46178918|colbreak_no|||||||||colbreak_no|||||65px||0px||colbreak_no||||||||||colbreak_no|||||||||\u00a0\u00bb][vc_column reduce_extra_padding=\u00a0\u00bb991&Prime; tm_responsive_css=\u00a0\u00bb64061151|colbreak_no|||||||||colbreak_no|||||||30px||colbreak_no||||||||||colbreak_no|||||||||\u00a0\u00bb css=\u00a0\u00bb.vc_custom_1626073484664{padding-right: 60px !important;}\u00a0\u00bb][vc_column_text]<\/p>\n<h4>R\u00e9glementation f\u00e9d\u00e9rale<\/h4>\n<p>L\u2019eau embouteill\u00e9e est r\u00e9glement\u00e9e en tant qu\u2019aliment et est soumise \u00e0 la Loi sur les aliments et drogues. Les soci\u00e9t\u00e9s d\u2019eau embouteill\u00e9e sont assujetties aux normes de qualit\u00e9, aux bonnes pratiques manufacturi\u00e8res et aux exigences d\u2019\u00e9tiquetage. Les inspecteurs de l\u2019Agence canadienne d\u2019inspection des aliments v\u00e9rifient r\u00e9guli\u00e8rement les op\u00e9rations des compagnies d\u2019eau embouteill\u00e9es pour assurer leur conformit\u00e9 aux r\u00e8gles.[\/vc_column_text][vc_column_text]<\/p>\n<h4>R\u00e9glementation provinciale<\/h4>\n<p>En plus des r\u00e8gles f\u00e9d\u00e9rales imposantes, les provinces ont aussi leurs propres r\u00e8gles. Les provinces sont responsables de la certification des sources, incluant le creusage des puits, la construction des puits, le permis de captage et la protection du bassin versant.[\/vc_column_text][vc_column_text]<\/p>\n<h4>R\u00e9glementation de l\u2019ACEE<\/h4>\n<p>Les embouteilleurs membres de l\u2019ACEE sont assujettis \u00e0 un troisi\u00e8me niveau de r\u00e8gles. Celles-ci incluent une inspection par un auditeur ind\u00e9pendant, des analyses de l\u2019eau additionnelles \u00e0 celles requises par les autorit\u00e9s gouvernementales et ils doivent adh\u00e9rer au code de l\u2019ACEE.<\/p>\n<ul>\n<li>Pour \u00eatre membre, l\u2019embouteilleur doit subir une inspection annuelle surprise effectu\u00e9e par un auditeur ind\u00e9pendant, internationalement reconnu. Cette inspection v\u00e9rifie les rapports d\u2019analyses de la qualit\u00e9 l\u2019eau, r\u00e9vise toutes les parties d\u2019exploitation de la source jusqu\u2019au produit fini et fait le suivi pour assurer une conformit\u00e9 compl\u00e8te au code mod\u00e8le de l\u2019ACEE et son code d\u2019\u00e9thique. Le code d\u2019\u00e9thique de l\u2019ACEE est bas\u00e9 sur la philosophie du d\u00e9veloppement durable, de la protection de l\u2019environnement et de la collaboration avec les communaut\u00e9s locales pour ce qui est de la gestion de la ressource.<\/li>\n<li>En outre, pour \u00eatre membre, un embouteilleur doit aussi faire analyser l\u2019eau annuellement par un laboratoire ind\u00e9pendant certifi\u00e9 par le gouvernement. Des analyses microbiologiques doivent aussi \u00eatre effectu\u00e9es r\u00e9guli\u00e8rement par une personne qualifi\u00e9e.<\/li>\n<li>Le code de L\u2019ACEE est un programme d\u2019assurance qualit\u00e9 plus rigoureux que les exigences des autorit\u00e9s gouvernementales. Pour cette raison, l\u2019eau embouteill\u00e9e produite par les membres de l\u2019ACEE est toujours de la plus grande qualit\u00e9 et s\u00e9curitaire. Cependant, l\u2019eau embouteill\u00e9e, comme tout autre produit alimentaire, doit \u00eatre conserv\u00e9e dans un endroit frais et sec, \u00e0 l\u2019abri du soleil et des produits chimiques tel que les savons domestiques et les solvants (essence, diluants \u00e0 peinture) et autres produits toxiques.<\/li>\n<\/ul>\n<p>[\/vc_column_text][\/vc_column][\/vc_row][vc_row tm_bgimagefixed=\u00a0\u00bb\u00a0\u00bb full_width=\u00a0\u00bbstretch_row\u00a0\u00bb css=\u00a0\u00bb.vc_custom_1669924458276{padding-top: 20px !important;padding-bottom: 0px !important;}\u00a0\u00bb tm_responsive_css=\u00a0\u00bb48721714|colbreak_no|||||||||colbreak_no|||||20px||||colbreak_no||||||||||colbreak_no|||||||||\u00a0\u00bb][vc_column][vc_row_inner css=\u00a0\u00bb.vc_custom_1621418424082{padding-bottom: 0px !important;}\u00a0\u00bb][vc_column_inner tm_zindex=\u00a0\u00bb1&Prime;][vc_single_image image=\u00a0\u00bb3492&Prime; img_size=\u00a0\u00bbfull\u00a0\u00bb css=\u00a0\u00bb.vc_custom_1670426435689{margin-bottom: 0px !important;}\u00a0\u00bb][\/vc_column_inner][\/vc_row_inner][\/vc_column][\/vc_row][vc_row tm_bgcolor=\u00a0\u00bbgrey\u00a0\u00bb tm_bgimagefixed=\u00a0\u00bb\u00a0\u00bb full_width=\u00a0\u00bbstretch_row\u00a0\u00bb css=\u00a0\u00bb.vc_custom_1669924486225{margin-top: -160px !important;padding-top: 0px !important;padding-bottom: 50px !important;}\u00a0\u00bb tm_responsive_css=\u00a0\u00bb13934400|colbreak_no|||||||||colbreak_no|||||||0px||colbreak_no||||||||||colbreak_no|||||||||\u00a0\u00bb][vc_column][vc_row_inner break_in_responsive=\u00a0\u00bb991&Prime;][vc_column_inner tm_zindex=\u00a0\u00bb2&Prime; css=\u00a0\u00bb.vc_custom_1625821109323{margin-left: 45px !important;}\u00a0\u00bb tm_responsive_css=\u00a0\u00bb85685167|colbreak_no|||||||||colbreak_no||||0px|||||colbreak_no||||||||||colbreak_no|||||||||\u00a0\u00bb]<div class=\"themetechmount-iconbox themetechmount-iconbox-styleone tm-iconbox-custom1\">\n\t<div class=\"themetechmount-iconbox-inner tm-boxicon-no\">\n\t\t<div class=\"tm-iconbox-wrapper tm-wrap\">\n\t\t\t<div class=\"themetechmount-iconbox-icon tm-wrap-cell\">\n\t\t\t\t<div class=\"tm-box-icon\"><i class=\"themifyicon ti-control-forward\"><\/i><\/div>\t\n\t\t\t<\/div>\n\t\t\t<div class=\"themetechmount-iconbox-heading tm-wrap-cell\">\n\t\t\t\t<div class=\"tm-vc_general tm-vc_cta3 tm-cta3-only tm-vc_cta3-style-classic tm-vc_cta3-shape-rounded tm-vc_cta3-align-left tm-vc_cta3-color-transparent tm-vc_cta3-icon-size-md tm-vc_cta3-actions-no tm-cta3-without-desc\"><div class=\"tm-vc_cta3_content-container\"><div class=\"tm-vc_cta3-content\"><div class=\"tm-vc_cta3-headers tm-wrap-cell\"><h2 class=\"tm-custom-heading \">Les membres doivent adh\u00e9rer au Code de l\u2019ACEE, aux r\u00e8gles de s\u00e9curit\u00e9 alimentaire de l\u2019industrie de l\u2019eau embouteill\u00e9e, au programme de certification des op\u00e9rateurs et aux exigences d\u2019inspection pour \u00eatre membre de l\u2019association.<\/h2>\n<\/div><div class=\"heading-seperator\"><span><\/span><\/div><\/div><\/div><\/div>\t\t\t\t\t<div class=\"tm-iconbox-boxcontent\">\t\t\t\n\t\t\t\t\t\t\t\t\t\t<\/div>\n\t\t\t\t\t<div class=\"themetechmount-iconbox-button\">\n\t\t\t\t\t\t\t\t\t\t<\/div>\n\t\t\t<\/div>\t\n\t\t<\/div>\n\t<\/div>\t\n<\/div>\n[\/vc_column_inner][\/vc_row_inner][\/vc_column][\/vc_row][vc_row][vc_column][vc_column_text][\/vc_column_text][\/vc_column][\/vc_row]<\/p>\n<\/section>","protected":false},"excerpt":{"rendered":"<p>[vc_row tm_bgimagefixed=\u00a0\u00bb\u00a0\u00bb full_width=\u00a0\u00bbstretch_row_content_no_spaces\u00a0\u00bb][vc_column][vc_single_image image=\u00a0\u00bb3892&Prime; img_size=\u00a0\u00bbfull\u00a0\u00bb alignment=\u00a0\u00bbcenter\u00a0\u00bb][\/vc_column][\/vc_row][vc_row tm_bgimagefixed=\u00a0\u00bb\u00a0\u00bb break_in_responsive=\u00a0\u00bb991&Prime; full_width=\u00a0\u00bbstretch_row\u00a0\u00bb css=\u00a0\u00bb.vc_custom_1669907400605{padding-bottom: 20px !important;}\u00a0\u00bb tm_responsive_css=\u00a0\u00bb46178918|colbreak_no|||||||||colbreak_no|||||65px||0px||colbreak_no||||||||||colbreak_no|||||||||\u00a0\u00bb][vc_column reduce_extra_padding=\u00a0\u00bb991&Prime; tm_responsive_css=\u00a0\u00bb64061151|colbreak_no|||||||||colbreak_no|||||||30px||colbreak_no||||||||||colbreak_no|||||||||\u00a0\u00bb css=\u00a0\u00bb.vc_custom_1626073484664{padding-right: 60px !important;}\u00a0\u00bb][\/vc_column][\/vc_row][vc_row tm_bgimagefixed=\u00a0\u00bb\u00a0\u00bb break_in_responsive=\u00a0\u00bb991&Prime; full_width=\u00a0\u00bbstretch_row\u00a0\u00bb css=\u00a0\u00bb.vc_custom_1669907400605{padding-bottom: 20px !important;}\u00a0\u00bb tm_responsive_css=\u00a0\u00bb46178918|colbreak_no|||||||||colbreak_no|||||65px||0px||colbreak_no||||||||||colbreak_no|||||||||\u00a0\u00bb][vc_column reduce_extra_padding=\u00a0\u00bb991&Prime; tm_responsive_css=\u00a0\u00bb64061151|colbreak_no|||||||||colbreak_no|||||||30px||colbreak_no||||||||||colbreak_no|||||||||\u00a0\u00bb css=\u00a0\u00bb.vc_custom_1626073484664{padding-right: 60px !important;}\u00a0\u00bb][vc_column_text] R\u00e9glementation f\u00e9d\u00e9rale L\u2019eau embouteill\u00e9e est r\u00e9glement\u00e9e en tant qu\u2019aliment et est soumise \u00e0 la Loi sur les aliments et drogues. Les soci\u00e9t\u00e9s d\u2019eau embouteill\u00e9e sont &hellip; <a href=\"https:\/\/cbwa.ca\/fr\/securite-et-qualite\/\" class=\"more-link\">Continue reading <span class=\"screen-reader-text\">S\u00e9curit\u00e9 et qualit\u00e9<\/span><\/a><\/p>\n","protected":false},"author":1,"featured_media":0,"parent":0,"menu_order":0,"comment_status":"closed","ping_status":"closed","template":"","meta":{"slim_seo":{"title":"ACEE | S\u00e9curit\u00e9 et qualit\u00e9","description":"Les consommateurs peuvent \u00eatre rassur\u00e9s au sujet de la s\u00e9curit\u00e9 de l\u2019eau embouteill\u00e9e car il y a des r\u00e8gles rigoureuses autant f\u00e9d\u00e9rales que provinciales r\u00e9gissant celle-ci."},"footnotes":""},"class_list":["post-3717","page","type-page","status-publish","hentry"],"_links":{"self":[{"href":"https:\/\/cbwa.ca\/fr\/wp-json\/wp\/v2\/pages\/3717","targetHints":{"allow":["GET"]}}],"collection":[{"href":"https:\/\/cbwa.ca\/fr\/wp-json\/wp\/v2\/pages"}],"about":[{"href":"https:\/\/cbwa.ca\/fr\/wp-json\/wp\/v2\/types\/page"}],"author":[{"embeddable":true,"href":"https:\/\/cbwa.ca\/fr\/wp-json\/wp\/v2\/users\/1"}],"replies":[{"embeddable":true,"href":"https:\/\/cbwa.ca\/fr\/wp-json\/wp\/v2\/comments?post=3717"}],"version-history":[{"count":1,"href":"https:\/\/cbwa.ca\/fr\/wp-json\/wp\/v2\/pages\/3717\/revisions"}],"predecessor-version":[{"id":4636,"href":"https:\/\/cbwa.ca\/fr\/wp-json\/wp\/v2\/pages\/3717\/revisions\/4636"}],"wp:attachment":[{"href":"https:\/\/cbwa.ca\/fr\/wp-json\/wp\/v2\/media?parent=3717"}],"curies":[{"name":"wp","href":"https:\/\/api.w.org\/{rel}","templated":true}]}}