{"id":3713,"date":"2022-12-05T14:22:27","date_gmt":"2022-12-05T19:22:27","guid":{"rendered":"https:\/\/insitucreative.com\/cbwa\/mockup\/recycling-matters\/"},"modified":"2025-09-26T10:06:55","modified_gmt":"2025-09-26T14:06:55","slug":"le-recyclage","status":"publish","type":"page","link":"https:\/\/cbwa.ca\/fr\/le-recyclage\/","title":{"rendered":"Le recyclage"},"content":{"rendered":"<section class=\"wpb-content-wrapper\"><p>[vc_row tm_bgimagefixed=\u00a0\u00bb\u00a0\u00bb full_width=\u00a0\u00bbstretch_row_content_no_spaces\u00a0\u00bb][vc_column][vc_single_image image=\u00a0\u00bb3527&Prime; img_size=\u00a0\u00bbfull\u00a0\u00bb alignment=\u00a0\u00bbcenter\u00a0\u00bb][\/vc_column][\/vc_row][vc_row tm_bgimagefixed=\u00a0\u00bb\u00a0\u00bb break_in_responsive=\u00a0\u00bb991&Prime; full_width=\u00a0\u00bbstretch_row\u00a0\u00bb css=\u00a0\u00bb.vc_custom_1669907400605{padding-bottom: 20px !important;}\u00a0\u00bb tm_responsive_css=\u00a0\u00bb46178918|colbreak_no|||||||||colbreak_no|||||65px||0px||colbreak_no||||||||||colbreak_no|||||||||\u00a0\u00bb][vc_column reduce_extra_padding=\u00a0\u00bb991&Prime; tm_responsive_css=\u00a0\u00bb64061151|colbreak_no|||||||||colbreak_no|||||||30px||colbreak_no||||||||||colbreak_no|||||||||\u00a0\u00bb css=\u00a0\u00bb.vc_custom_1626073484664{padding-right: 60px !important;}\u00a0\u00bb]<div class=\"tm-element-heading-wrapper tm-heading-inner tm-element-align-left tm-seperator-solid tm-heading-style-vertical \"><section class=\"tm-vc_cta3-container\"><div class=\"tm-vc_general tm-vc_cta3 tm-cta3-only tm-vc_cta3-style-classic tm-vc_cta3-shape-rounded tm-vc_cta3-align-left tm-vc_cta3-color-transparent tm-vc_cta3-icon-size-md tm-vc_cta3-actions-no tm-cta3-with-desc\"><div class=\"tm-vc_cta3_content-container\"><div class=\"tm-vc_cta3-content\"><header class=\"tm-vc_cta3-content-header tm-wrap\"><div class=\"tm-vc_cta3-headers tm-wrap-cell\"><h2 class=\"tm-custom-heading \" >Le recyclage<\/h2>\n<\/div><div class=\"heading-seperator\"><span><\/span><\/div><\/header><div class=\"tm-cta3-content-wrapper\"><p>Dans l\u2019industrie de l\u2019eau embouteill\u00e9e, il est important de r\u00e9duire la quantit\u00e9 de plastique utilis\u00e9e pour fabriquer les bouteilles, d\u2019utiliser des mat\u00e9riaux biod\u00e9gradables, ou des plastiques recycl\u00e9s. Depuis dix ans, l\u2019industrie a d\u00e9velopp\u00e9 et utilis\u00e9 des bouteilles qui sont plus minces et plus l\u00e9g\u00e8res, utilisant moins de plastique \u2013 le poids moyen d\u2019une bouteille est environ la moiti\u00e9 d\u2019autres contenants de boissons.<\/p><\/div><\/div><\/div><\/div><\/section><\/div> <!-- .tm-element-heading-wrapper container --> [vc_column_text]<\/p>\n<h3>Faits<\/h3>\n<p>[\/vc_column_text]<div class=\"themetechmount-iconbox themetechmount-iconbox-styleone \">\n\t<div class=\"themetechmount-iconbox-inner tm-boxicon-no\">\n\t\t<div class=\"tm-iconbox-wrapper tm-wrap\">\n\t\t\t<div class=\"themetechmount-iconbox-icon tm-wrap-cell\">\n\t\t\t\t<div class=\"tm-box-icon\"><i class=\"fa fa-street-view\"><\/i><\/div>\t\n\t\t\t<\/div>\n\t\t\t<div class=\"themetechmount-iconbox-heading tm-wrap-cell\">\n\t\t\t\t<div class=\"tm-vc_general tm-vc_cta3 tm-cta3-only tm-vc_cta3-style-classic tm-vc_cta3-shape-rounded tm-vc_cta3-align-left tm-vc_cta3-color-transparent tm-vc_cta3-icon-size-md tm-vc_cta3-actions-no tm-cta3-without-desc\"><div class=\"tm-vc_cta3_content-container\"><div class=\"tm-vc_cta3-content\"><div class=\"tm-vc_cta3-headers tm-wrap-cell\"><h4 class=\"tm-custom-heading \">Un consommateur peut r\u00e9duire la quantit\u00e9 de CO2 de 25% en r\u00e9cup\u00e9rant celles-ci. (Source : Quantis International, f\u00e9vrier 2010).<\/h4>\n<\/div><div class=\"heading-seperator\"><span><\/span><\/div><\/div><\/div><\/div>\t\t\t\t\t<div class=\"tm-iconbox-boxcontent\">\t\t\t\n\t\t\t\t\t\t\t\t\t\t<\/div>\n\t\t\t\t\t<div class=\"themetechmount-iconbox-button\">\n\t\t\t\t\t\t\t\t\t\t<\/div>\n\t\t\t<\/div>\t\n\t\t<\/div>\n\t<\/div>\t\n<\/div>\n<div class=\"themetechmount-iconbox themetechmount-iconbox-styleone \">\n\t<div class=\"themetechmount-iconbox-inner tm-boxicon-no\">\n\t\t<div class=\"tm-iconbox-wrapper tm-wrap\">\n\t\t\t<div class=\"themetechmount-iconbox-icon tm-wrap-cell\">\n\t\t\t\t<div class=\"tm-box-icon\"><i class=\"fa fa-recycle\"><\/i><\/div>\t\n\t\t\t<\/div>\n\t\t\t<div class=\"themetechmount-iconbox-heading tm-wrap-cell\">\n\t\t\t\t<div class=\"tm-vc_general tm-vc_cta3 tm-cta3-only tm-vc_cta3-style-classic tm-vc_cta3-shape-rounded tm-vc_cta3-align-left tm-vc_cta3-color-transparent tm-vc_cta3-icon-size-md tm-vc_cta3-actions-no tm-cta3-without-desc\"><div class=\"tm-vc_cta3_content-container\"><div class=\"tm-vc_cta3-content\"><div class=\"tm-vc_cta3-headers tm-wrap-cell\"><h4 style=\"font-size:18\" class=\"tm-custom-heading \">Les bouteilles de plastique incluant les bouteilles d\u2019eau sont la troisi\u00e8me mati\u00e8re la plus recycl\u00e9e au Canada, apr\u00e8s les journaux et l\u2019aluminium.<\/h4>\n<\/div><div class=\"heading-seperator\"><span><\/span><\/div><\/div><\/div><\/div>\t\t\t\t\t<div class=\"tm-iconbox-boxcontent\">\t\t\t\n\t\t\t\t\t\t\t\t\t\t<\/div>\n\t\t\t\t\t<div class=\"themetechmount-iconbox-button\">\n\t\t\t\t\t\t\t\t\t\t<\/div>\n\t\t\t<\/div>\t\n\t\t<\/div>\n\t<\/div>\t\n<\/div>\n<div class=\"themetechmount-iconbox themetechmount-iconbox-styleone \">\n\t<div class=\"themetechmount-iconbox-inner tm-boxicon-no\">\n\t\t<div class=\"tm-iconbox-wrapper tm-wrap\">\n\t\t\t<div class=\"themetechmount-iconbox-icon tm-wrap-cell\">\n\t\t\t\t<div class=\"tm-box-icon\"><i class=\"vc_li vc_li-t-shirt\"><\/i><\/div>\t\n\t\t\t<\/div>\n\t\t\t<div class=\"themetechmount-iconbox-heading tm-wrap-cell\">\n\t\t\t\t<div class=\"tm-vc_general tm-vc_cta3 tm-cta3-only tm-vc_cta3-style-classic tm-vc_cta3-shape-rounded tm-vc_cta3-align-left tm-vc_cta3-color-transparent tm-vc_cta3-icon-size-md tm-vc_cta3-actions-no tm-cta3-without-desc\"><div class=\"tm-vc_cta3_content-container\"><div class=\"tm-vc_cta3-content\"><div class=\"tm-vc_cta3-headers tm-wrap-cell\"><h4 style=\"font-size:18\" class=\"tm-custom-heading \">Les bouteilles de plastique sont recycl\u00e9es en des nouvelles bouteilles, des jeux pour enfants, des pi\u00e8ces d\u2019automobile, du tapis, des v\u00eatements de polar, des sacs de couchage, des souliers, des valises de voyage et autres contenants de plastique. (Source : Stewardship Ontario).<\/h4>\n<\/div><div class=\"heading-seperator\"><span><\/span><\/div><\/div><\/div><\/div>\t\t\t\t\t<div class=\"tm-iconbox-boxcontent\">\t\t\t\n\t\t\t\t\t\t\t\t\t\t<\/div>\n\t\t\t\t\t<div class=\"themetechmount-iconbox-button\">\n\t\t\t\t\t\t\t\t\t\t<\/div>\n\t\t\t<\/div>\t\n\t\t<\/div>\n\t<\/div>\t\n<\/div>\n<div class=\"themetechmount-iconbox themetechmount-iconbox-styleone \">\n\t<div class=\"themetechmount-iconbox-inner tm-boxicon-no\">\n\t\t<div class=\"tm-iconbox-wrapper tm-wrap\">\n\t\t\t<div class=\"themetechmount-iconbox-icon tm-wrap-cell\">\n\t\t\t\t<div class=\"tm-box-icon\"><i class=\"fa fa-plug\"><\/i><\/div>\t\n\t\t\t<\/div>\n\t\t\t<div class=\"themetechmount-iconbox-heading tm-wrap-cell\">\n\t\t\t\t<div class=\"tm-vc_general tm-vc_cta3 tm-cta3-only tm-vc_cta3-style-classic tm-vc_cta3-shape-rounded tm-vc_cta3-align-left tm-vc_cta3-color-transparent tm-vc_cta3-icon-size-md tm-vc_cta3-actions-no tm-cta3-without-desc\"><div class=\"tm-vc_cta3_content-container\"><div class=\"tm-vc_cta3-content\"><div class=\"tm-vc_cta3-headers tm-wrap-cell\"><h4 style=\"font-size:18\" class=\"tm-custom-heading \">Des \u00e9tudes d\u00e9montrent que la transformation de bouteilles de plastiques en produits de plastique recycl\u00e9s \u00e9conomise 50% \u00e0 60% d\u2019\u00e9nergie qui serait autrement utilis\u00e9e pour fabriquer le m\u00eame produit de mat\u00e9riel vierge. (Source : The Benefits of Plastic Bottles, Environment and Plastics Industry Council).<\/h4>\n<\/div><div class=\"heading-seperator\"><span><\/span><\/div><\/div><\/div><\/div>\t\t\t\t\t<div class=\"tm-iconbox-boxcontent\">\t\t\t\n\t\t\t\t\t\t\t\t\t\t<\/div>\n\t\t\t\t\t<div class=\"themetechmount-iconbox-button\">\n\t\t\t\t\t\t\t\t\t\t<\/div>\n\t\t\t<\/div>\t\n\t\t<\/div>\n\t<\/div>\t\n<\/div>\n<div class=\"themetechmount-iconbox themetechmount-iconbox-styleone \">\n\t<div class=\"themetechmount-iconbox-inner tm-boxicon-no\">\n\t\t<div class=\"tm-iconbox-wrapper tm-wrap\">\n\t\t\t<div class=\"themetechmount-iconbox-icon tm-wrap-cell\">\n\t\t\t\t<div class=\"tm-box-icon\"><i class=\"fa fa-percent\"><\/i><\/div>\t\n\t\t\t<\/div>\n\t\t\t<div class=\"themetechmount-iconbox-heading tm-wrap-cell\">\n\t\t\t\t<div class=\"tm-vc_general tm-vc_cta3 tm-cta3-only tm-vc_cta3-style-classic tm-vc_cta3-shape-rounded tm-vc_cta3-align-left tm-vc_cta3-color-transparent tm-vc_cta3-icon-size-md tm-vc_cta3-actions-no tm-cta3-without-desc\"><div class=\"tm-vc_cta3_content-container\"><div class=\"tm-vc_cta3-content\"><div class=\"tm-vc_cta3-headers tm-wrap-cell\"><h4 style=\"font-size:20\" class=\"tm-custom-heading \">En Ontario, moins de 1% du contenu des sites d\u2019enfouissement sont des contenants de boisson en plastique incluant les bouteilles d\u2019eau en plastique et les bouteilles d\u2019eau de plastique comptent pour moins de 40% du 1%. (Source : Stewarship Ontario).<\/h4>\n<\/div><div class=\"heading-seperator\"><span><\/span><\/div><\/div><\/div><\/div>\t\t\t\t\t<div class=\"tm-iconbox-boxcontent\">\t\t\t\n\t\t\t\t\t\t\t\t\t\t<\/div>\n\t\t\t\t\t<div class=\"themetechmount-iconbox-button\">\n\t\t\t\t\t\t\t\t\t\t<\/div>\n\t\t\t<\/div>\t\n\t\t<\/div>\n\t<\/div>\t\n<\/div>\n[\/vc_column][\/vc_row][vc_row tm_bgimagefixed=\u00a0\u00bb\u00a0\u00bb break_in_responsive=\u00a0\u00bb991&Prime; full_width=\u00a0\u00bbstretch_row\u00a0\u00bb css=\u00a0\u00bb.vc_custom_1669907400605{padding-bottom: 20px !important;}\u00a0\u00bb tm_responsive_css=\u00a0\u00bb46178918|colbreak_no|||||||||colbreak_no|||||65px||0px||colbreak_no||||||||||colbreak_no|||||||||\u00a0\u00bb][vc_column reduce_extra_padding=\u00a0\u00bb991&Prime; tm_responsive_css=\u00a0\u00bb64061151|colbreak_no|||||||||colbreak_no|||||||30px||colbreak_no||||||||||colbreak_no|||||||||\u00a0\u00bb css=\u00a0\u00bb.vc_custom_1626073484664{padding-right: 60px !important;}\u00a0\u00bb][vc_tta_accordion title_tag=\u00a0\u00bbh3&Prime; section_title_tag=\u00a0\u00bbh3&Prime; style=\u00a0\u00bbmodern\u00a0\u00bb shape=\u00a0\u00bbround\u00a0\u00bb spacing=\u00a0\u00bb20&Prime; c_position=\u00a0\u00bbright\u00a0\u00bb active_section=\u00a0\u00bb999&Prime; collapsible_all=\u00a0\u00bbtrue\u00a0\u00bb][vc_tta_section title=\u00a0\u00bbPoly\u00e9thyl\u00e8ne t\u00e9r\u00e9phthalate (PET)\u00a0\u00bb tab_id=\u00a0\u00bb1670251997438-832a49df-dee7&Prime;][vc_column_text]Le PET est un des produits ayant la plus grande valeur de tous les mat\u00e9riaux r\u00e9cup\u00e9r\u00e9s. Les bouteilles d\u2019eau de PET sont r\u00e9utilisables une fois recycl\u00e9es. Les bouteilles en PET de nos membres sont recyclables \u00e0 100% et elles sont le troisi\u00e8me produit le plus recycl\u00e9 apr\u00e8s le papier journal et l\u2019aluminium au Canada. Nos membres appuient vivement les programmes de r\u00e9cup\u00e9ration et encouragent les consommateurs \u00e0 r\u00e9cup\u00e9rer les emballages d\u2019eau embouteill\u00e9e par l\u2019entremise de leur syst\u00e8me local de collecte s\u00e9lective.<\/p>\n<p>Les bouteilles d\u2019eau sont faciles \u00e0 recycler et sont facilement r\u00e9cup\u00e9r\u00e9es par les syst\u00e8mes de collecte s\u00e9lective, de consigne et autres programmes de r\u00e9cup\u00e9ration au Canada. Puisque les programmes canadiens sont plus efficaces que les programmes am\u00e9ricains, il n\u2019est pas possible de les comparer. Aujourd\u2019hui, l\u2019industrie fabrique des bouteilles avec moins de plastique. L\u2019industrie a \u00e9t\u00e9 un pr\u00e9curseur en all\u00e8gement de bouteilles, soit 9 g vs 16 g de PET pour les autres bouteilles de boisson. Les bouteilles d\u2019eau peuvent contenir jusqu\u2019\u00e0 100% de mati\u00e8re recycl\u00e9e ce qui en font une partie importante de l\u2019\u00e9conomie circulaire.[\/vc_column_text][\/vc_tta_section][vc_tta_section title=\u00a0\u00bbPolycarbonate (PC)\u00a0\u00bb tab_id=\u00a0\u00bb1670252644788-152208c7-b643&Prime;][vc_column_text]Les bouteilles de polycarbonate sont recyclables \u00e0 100%. Les bonbonnes pour utilisation avec les fontaines sont r\u00e9utilisables 40 \u00e0 60 fois avant d\u2019\u00eatre recycl\u00e9es. Au Canada depuis plus de 30 ans, l\u2019industrie de l\u2019eau embouteill\u00e9e s\u2019assure que toutes les bouteilles de polycarbonate soient recycl\u00e9es et qu\u2019elles ne soient pas dirig\u00e9es vers les sites d\u2019enfouissement en g\u00e9rant son propre syst\u00e8me de r\u00e9cup\u00e9ration. Une fois recycl\u00e9s, ces plastiques sont utilis\u00e9s pour fabriquer de l\u2019\u00e9quipement pour les parcs de jeux, des t\u00e9l\u00e9phones cellulaires, des v\u00eatements et des pi\u00e8ces pour automobile.[\/vc_column_text][\/vc_tta_section][vc_tta_section title=\u00a0\u00bbPoly\u00e9thyl\u00e8ne t\u00e9r\u00e9phtalate recycl\u00e9 (rPET)\u00a0\u00bb tab_id=\u00a0\u00bb1670252754973-9cc59be9-03b0&Prime;][vc_column_text]Depuis les derni\u00e8res ann\u00e9es, de plus en plus d\u2019embouteilleurs utilisent le plastique recycl\u00e9 PET (rPET) m\u00e9lang\u00e9 au PET vierge. L\u2019utilisation du rPET pour les bouteilles d\u2019eau peut atteindre 100%. Tous les emballages utilis\u00e9s par l\u2019industrie de l\u2019eau embouteill\u00e9e doivent \u00eatre approuv\u00e9s par Sant\u00e9 Canada et doivent rencontrer les r\u00e8gles de la Loi sur les aliments et drogues.[\/vc_column_text][\/vc_tta_section][vc_tta_section title=\u00a0\u00bbR\u00e9cup\u00e9ration hors foyers\u00a0\u00bb tab_id=\u00a0\u00bb1670252802711-6b0cd24b-4bce\u00a0\u00bb][vc_column_text]L\u2019industrie canadienne d\u2019eau embouteill\u00e9e a comme objectif la r\u00e9cup\u00e9ration des tous les contenants, que les boissons soient consomm\u00e9es chez soi ou ailleurs. L\u2019industrie, en partenariat avec les gouvernements, a cr\u00e9\u00e9 des programmes de r\u00e9cup\u00e9ration hors foyers pour assurer que tous les contenants soient r\u00e9cup\u00e9r\u00e9s \u2013 ces m\u00eames contenants qui sont r\u00e9cup\u00e9r\u00e9s par les syst\u00e8mes de collecte \u00e0 domicile et qui pourraient \u00eatre abandonn\u00e9s dans les parcs, les centres de r\u00e9cr\u00e9ation, les arr\u00eats d\u2019autobus, les \u00e9coles publiques, les lieux d\u2019affaires, les institutions et les stations d\u2019essence.<\/p>\n<h4>Des exemples de r\u00e9cup\u00e9ration hors foyers:<\/h4>\n<p><strong>Qu\u00e9bec &#8211; le premier programme de r\u00e9cup\u00e9ration hors foyers<\/strong><\/p>\n<ul>\n<li>Jusqu\u2019\u00e0 97% des mati\u00e8res recyclables sont r\u00e9cup\u00e9r\u00e9es par les programmes municipaux de r\u00e9cup\u00e9ration hors foyers.<\/li>\n<\/ul>\n<p><strong>Sarnia \u2013 le premier programme de r\u00e9cup\u00e9ration hors foyers en Ontario<\/strong><\/p>\n<ul>\n<li>Jusqu\u2019\u00e0 94% des bouteilles de boissons recyclables sont r\u00e9cup\u00e9r\u00e9es.<\/li>\n<li>Nous encourageons la province de l\u2019Ontario \u00e0 collaborer avec l\u2019industrie des boissons pour inclure la r\u00e9cup\u00e9ration hors foyers dans le syst\u00e8me permanent bo\u00eete bleue (Blue Box).<\/li>\n<\/ul>\n<p><strong>Halifax \u2013 le premier programme de r\u00e9cup\u00e9ration hors foyers \u00e0 inclure la collecte des mati\u00e8res organiques<\/strong><\/p>\n<ul>\n<li>Le programme a atteint un niveau de 95% de r\u00e9cup\u00e9ration de contenants de boissons et de 90% pour les contenants recyclables.<\/li>\n<\/ul>\n<p><strong>Richmond \u2013 le premier programme de r\u00e9cup\u00e9ration hors foyers en Colombie-britannique.<\/strong><\/p>\n<ul>\n<li>Le programme a atteint 79% de r\u00e9duction de contenants de plastique dans les sites d\u2019enfouissement.<\/li>\n<li>Nous encourageons Encorp Pacific \u00e0 inclure un programme de r\u00e9cup\u00e9ration hors foyers de fa\u00e7on permanente \u00e0 son syst\u00e8me de consigne.<\/li>\n<\/ul>\n<p><strong>Manitoba \u2013 le premier programme de r\u00e9cup\u00e9ration en lieux publics en Am\u00e9rique du Nord\u00a0<\/strong><\/p>\n<ul>\n<li>Lorsque le Manitoba lan\u00e7a ce programme, le niveau de r\u00e9cup\u00e9ration des contenants de boissons \u00e9tait de 45% dans la province, le plus bas niveau au Canada.<\/li>\n<li>\u00c0 Portage-La Prairie, un programme pilote en lieux publics a atteint un niveau de r\u00e9cup\u00e9ration de 95% dans les parcs, les ar\u00e9nas et les rues.<\/li>\n<li>Le syst\u00e8me hybride de recyclage, ou le \u00ab\u00a0mod\u00e8le manitobain\u00a0\u00bb sera peut-\u00eatre adopt\u00e9 par les gouvernements am\u00e9ricains et europ\u00e9ens.<\/li>\n<\/ul>\n<p>[\/vc_column_text][\/vc_tta_section][vc_tta_section title=\u00a0\u00bbLiens vers les divers syst\u00e8mes de recyclage\u00a0\u00bb tab_id=\u00a0\u00bb1670252877389-fde3956d-b664&Prime;][vc_column_text]L\u2019industrie de l\u2019eau embouteill\u00e9e participe activement \u00e0 la r\u00e9duction de son impact sur l\u2019environnement. L\u2019ACEE et ses partenaires ont travaill\u00e9 avec les gouvernements en collaborant \u00e0 la mise en place des programmes de r\u00e9cup\u00e9ration et pour augmenter le niveau de r\u00e9cup\u00e9ration de tous les mat\u00e9riaux recyclables dans le but de r\u00e9duire la quantit\u00e9 de d\u00e9chets dans les sites d\u2019enfouissement et dans la nature. Voici la liste des agences gouvernementales avec qui l\u2019ACEE et ses partenaires ont travaill\u00e9:<\/p>\n<p style=\"font-size: 16px;\"><a href=\"http:\/\/reclaystewardedge.com\/\" target=\"_blank\" rel=\"noopener\">StewardEdge<\/a><br \/>\n<a href=\"http:\/\/www.cbcra-acrcb.org\/\" target=\"_blank\" rel=\"noopener\">Canadian Beverage Container Recycling Association<\/a><br \/>\n<a href=\"http:\/\/www.return-it.ca\/\" target=\"_blank\" rel=\"noopener\">Encorp Pacific<\/a><br \/>\n<a href=\"http:\/\/encorpatl.ca\/\">Encorp Atlantic<\/a><br \/>\n<a href=\"http:\/\/www.abcrc.com\/\" target=\"_blank\" rel=\"noopener\">Alberta Beverage Container Recycling Corporation<\/a><br \/>\n<a href=\"http:\/\/www.ecoentreprises.qc.ca\/home\" target=\"_blank\" rel=\"noopener\">Eco Enterprises Quebec<\/a><br \/>\n<a href=\"http:\/\/www.stewardshipontario.ca\/\">Stewardship Ontario<\/a><\/p>\n<p>[\/vc_column_text][\/vc_tta_section][vc_tta_section title=\u00a0\u00bbTaux de recyclage provinciaux et nationaux\u00a0\u00bb tab_id=\u00a0\u00bb1670252940320-6e0b2fd6-8c20&Prime;][vc_column_text]L\u2019industrie de l\u2019eau embouteill\u00e9e fait sa part pour r\u00e9duire son impact sur l\u2019environnement. L\u2019ACEE et ses partenaires travaillent avec les gouvernements pour mettre en place des programmes de r\u00e9cup\u00e9ration hors foyers et pour augmenter le recyclage de tous les mat\u00e9riaux de consommation courante pour diminuer la quantit\u00e9 de d\u00e9chets dans les sites d\u2019enfouissement et dans la nature. Voici les taux de recyclage au Canada:<\/p>\n<p><strong>Tous les contenants de boissons PET de moins de 2 litres<\/strong><\/p>\n<p>National &#8211; 70%<br \/>\nNS &#8211; 81%<br \/>\nQC &#8211; &gt;70%<br \/>\nON &#8211; 62%<br \/>\nMB &#8211; 45% (+50%)<br \/>\nSK &#8211; 84%<br \/>\nAB &#8211; 83.5%<br \/>\nBC &#8211; 80%<\/p>\n<p><em>*NOTE sur MB: Un nouveau programme a d\u00e9but\u00e9 et le 45% n\u2019inclut pas les donn\u00e9es les plus r\u00e9centes de la r\u00e9cup\u00e9ration hors foyers (estim\u00e9 +50% du niveau de r\u00e9cup\u00e9ration\u00a0Source : StewardEdge)<\/em><\/p>\n<p><em>Source: StewardEdge<\/em>[\/vc_column_text][\/vc_tta_section][vc_tta_section title=\u00a0\u00bbLiens pour conna\u00eetre les produits de plastique recycl\u00e9\u00a0\u00bb tab_id=\u00a0\u00bb1670252942660-753db2eb-28d6&Prime;][vc_column_text]<\/p>\n<p style=\"font-size: 16px;\"><a href=\"http:\/\/www.youtube.com\/watch?v=eIobKy70t4I\" target=\"_blank\" rel=\"noopener\">Cell phones made from recycled water bottles &#8211; Fido Green Commercial<\/a><\/p>\n<p style=\"font-size: 16px;\"><a href=\"http:\/\/www.csrwire.com\/press_releases\/13555-Motorola-and-Fido-Announce-Canadian-Availability-of-the-World-s-First-Mobile-Phone-made-with-Recycled-Water-Bottle\" target=\"_blank\" rel=\"noopener\">Cell phones made from recycled water bottles &#8211; Motorola \/ Fido<\/a>\u00a0<em>(CSR Wire)<\/em><\/p>\n<p style=\"font-size: 16px;\"><a href=\"http:\/\/www.youtube.com\/watch?v=aBJKUDx56aE&amp;feature=fvw\" target=\"_blank\" rel=\"noopener\">Cell phones made from recycled water bottles &#8211; Motorola W233 Renew<\/a> <em>(video)<\/em><\/p>\n<p style=\"font-size: 16px;\"><a href=\"http:\/\/www.youtube.com\/watch?v=n2lmSxSqGCA&amp;NR=1\" target=\"_blank\" rel=\"noopener\">Eco Friendly Clothing (Outerwear) Made from Plastic Bottles<\/a><\/p>\n<p style=\"font-size: 16px;\"><a href=\"http:\/\/www.youtube.com\/watch?v=TsxDzhMjngc\" target=\"_blank\" rel=\"noopener\">Nissan Recycling water bottles (into seats)<\/a><\/p>\n<p style=\"font-size: 16px;\"><a href=\"http:\/\/www.generation-line.com\/\" target=\"_blank\" rel=\"noopener\">Outdoor Furniture made from recycled water bottles<\/a><\/p>\n<p style=\"font-size: 16px;\"><a href=\"http:\/\/www.recycledplasticpicnictables.com\/\" target=\"_blank\" rel=\"noopener\">Picnic Tables<\/a><\/p>\n<p style=\"font-size: 16px;\"><a href=\"http:\/\/polywood.com\/\" target=\"_blank\" rel=\"noopener\">Plastic Lumber &#8211; Recycled Post Consumer Plastics<\/a><\/p>\n<p style=\"font-size: 16px;\"><a href=\"http:\/\/www.youtube.com\/watch?v=N7x6OdryKIc&amp;feature=related\" target=\"_blank\" rel=\"noopener\">Recycled Outerwear From Water Bottles<\/a><\/p>\n<p style=\"font-size: 16px;\"><a href=\"http:\/\/www.youtube.com\/watch?v=Yhx7-DB-_y4\" target=\"_blank\" rel=\"noopener\">Recycling Plastic Bottles into Polyester Yarn on \u00ab\u00a0How It&rsquo;s Made\u00a0\u00bb<\/a><\/p>\n<p style=\"font-size: 16px;\"><a href=\"http:\/\/www.youtube.com\/watch?v=uRUeK2LO6g8\" target=\"_blank\" rel=\"noopener\">Suits made from recycled bottles<\/a><\/p>\n<p>[\/vc_column_text][\/vc_tta_section][vc_tta_section title=\u00a0\u00bbAutres liens\u00a0\u00bb tab_id=\u00a0\u00bb1670253009319-37ee2be9-a364&Prime;][vc_column_text]<\/p>\n<p style=\"font-size: 16px;\"><a href=\"http:\/\/www.abcrc.com\/\" target=\"_blank\" rel=\"noopener\">Alberta Beverage Container Recycling Corporation<\/a><\/p>\n<p style=\"font-size: 16px;\"><a href=\"http:\/\/www.cbcra-acrcb.org\/\" target=\"_blank\" rel=\"noopener\">Canadian Beverage Container Recycling Association<\/a><\/p>\n<p style=\"font-size: 16px;\"><a href=\"http:\/\/www.ecoentreprises.qc.ca\/home\" target=\"_blank\" rel=\"noopener\">Eco Enterprises Quebec<\/a><\/p>\n<p style=\"font-size: 16px;\"><a href=\"http:\/\/www.return-it.ca\/\" target=\"_blank\" rel=\"noopener\">Encorp Pacific<\/a><\/p>\n<p style=\"font-size: 16px;\"><a href=\"http:\/\/encorpatl.ca\/\" target=\"_blank\" rel=\"noopener\">Encorp Atlantic<\/a><\/p>\n<p style=\"font-size: 16px;\"><a href=\"http:\/\/reclaystewardedge.com\/\" target=\"_blank\" rel=\"noopener\">StewardEdge<\/a><\/p>\n<p style=\"font-size: 16px;\"><a href=\"http:\/\/www.stewardshipontario.ca\/\" target=\"_blank\" rel=\"noopener\">Stewardship Ontario<\/a><\/p>\n<p>[\/vc_column_text][\/vc_tta_section][\/vc_tta_accordion][\/vc_column][\/vc_row][vc_row][vc_column][vc_column_text][\/vc_column_text][\/vc_column][\/vc_row]<\/p>\n<\/section>","protected":false},"excerpt":{"rendered":"<p>[vc_row tm_bgimagefixed=\u00a0\u00bb\u00a0\u00bb full_width=\u00a0\u00bbstretch_row_content_no_spaces\u00a0\u00bb][vc_column][vc_single_image image=\u00a0\u00bb3527&Prime; img_size=\u00a0\u00bbfull\u00a0\u00bb alignment=\u00a0\u00bbcenter\u00a0\u00bb][\/vc_column][\/vc_row][vc_row tm_bgimagefixed=\u00a0\u00bb\u00a0\u00bb break_in_responsive=\u00a0\u00bb991&Prime; full_width=\u00a0\u00bbstretch_row\u00a0\u00bb css=\u00a0\u00bb.vc_custom_1669907400605{padding-bottom: 20px !important;}\u00a0\u00bb tm_responsive_css=\u00a0\u00bb46178918|colbreak_no|||||||||colbreak_no|||||65px||0px||colbreak_no||||||||||colbreak_no|||||||||\u00a0\u00bb][vc_column reduce_extra_padding=\u00a0\u00bb991&Prime; tm_responsive_css=\u00a0\u00bb64061151|colbreak_no|||||||||colbreak_no|||||||30px||colbreak_no||||||||||colbreak_no|||||||||\u00a0\u00bb css=\u00a0\u00bb.vc_custom_1626073484664{padding-right: 60px !important;}\u00a0\u00bb][vc_column_text] Faits [\/vc_column_text][\/vc_column][\/vc_row][vc_row tm_bgimagefixed=\u00a0\u00bb\u00a0\u00bb break_in_responsive=\u00a0\u00bb991&Prime; full_width=\u00a0\u00bbstretch_row\u00a0\u00bb css=\u00a0\u00bb.vc_custom_1669907400605{padding-bottom: 20px !important;}\u00a0\u00bb tm_responsive_css=\u00a0\u00bb46178918|colbreak_no|||||||||colbreak_no|||||65px||0px||colbreak_no||||||||||colbreak_no|||||||||\u00a0\u00bb][vc_column reduce_extra_padding=\u00a0\u00bb991&Prime; tm_responsive_css=\u00a0\u00bb64061151|colbreak_no|||||||||colbreak_no|||||||30px||colbreak_no||||||||||colbreak_no|||||||||\u00a0\u00bb css=\u00a0\u00bb.vc_custom_1626073484664{padding-right: 60px !important;}\u00a0\u00bb][vc_tta_accordion title_tag=\u00a0\u00bbh3&Prime; section_title_tag=\u00a0\u00bbh3&Prime; style=\u00a0\u00bbmodern\u00a0\u00bb shape=\u00a0\u00bbround\u00a0\u00bb spacing=\u00a0\u00bb20&Prime; c_position=\u00a0\u00bbright\u00a0\u00bb active_section=\u00a0\u00bb999&Prime; collapsible_all=\u00a0\u00bbtrue\u00a0\u00bb][vc_tta_section title=\u00a0\u00bbPoly\u00e9thyl\u00e8ne t\u00e9r\u00e9phthalate (PET)\u00a0\u00bb tab_id=\u00a0\u00bb1670251997438-832a49df-dee7&Prime;][vc_column_text]Le PET est un des produits ayant la plus grande valeur de &hellip; <a href=\"https:\/\/cbwa.ca\/fr\/le-recyclage\/\" class=\"more-link\">Continue reading <span class=\"screen-reader-text\">Le recyclage<\/span><\/a><\/p>\n","protected":false},"author":1,"featured_media":0,"parent":0,"menu_order":0,"comment_status":"closed","ping_status":"closed","template":"","meta":{"slim_seo":{"title":"ACEE | Le recyclage","description":"Dans l\u2019industrie de l\u2019eau embouteill\u00e9e, il est important de r\u00e9duire la quantit\u00e9 de plastique utilis\u00e9e pour fabriquer les bouteilles, d\u2019utiliser des mat\u00e9riaux biod\u00e9gradables, ou des plastiques recycl\u00e9s."},"footnotes":""},"class_list":["post-3713","page","type-page","status-publish","hentry"],"_links":{"self":[{"href":"https:\/\/cbwa.ca\/fr\/wp-json\/wp\/v2\/pages\/3713","targetHints":{"allow":["GET"]}}],"collection":[{"href":"https:\/\/cbwa.ca\/fr\/wp-json\/wp\/v2\/pages"}],"about":[{"href":"https:\/\/cbwa.ca\/fr\/wp-json\/wp\/v2\/types\/page"}],"author":[{"embeddable":true,"href":"https:\/\/cbwa.ca\/fr\/wp-json\/wp\/v2\/users\/1"}],"replies":[{"embeddable":true,"href":"https:\/\/cbwa.ca\/fr\/wp-json\/wp\/v2\/comments?post=3713"}],"version-history":[{"count":1,"href":"https:\/\/cbwa.ca\/fr\/wp-json\/wp\/v2\/pages\/3713\/revisions"}],"predecessor-version":[{"id":4629,"href":"https:\/\/cbwa.ca\/fr\/wp-json\/wp\/v2\/pages\/3713\/revisions\/4629"}],"wp:attachment":[{"href":"https:\/\/cbwa.ca\/fr\/wp-json\/wp\/v2\/media?parent=3713"}],"curies":[{"name":"wp","href":"https:\/\/api.w.org\/{rel}","templated":true}]}}