{"id":3706,"date":"2022-12-05T15:50:07","date_gmt":"2022-12-05T20:50:07","guid":{"rendered":"https:\/\/insitucreative.com\/cbwa\/mockup\/plant-inspection-awards\/"},"modified":"2025-09-26T10:10:44","modified_gmt":"2025-09-26T14:10:44","slug":"plant-inspection-awards","status":"publish","type":"page","link":"https:\/\/cbwa.ca\/fr\/plant-inspection-awards\/","title":{"rendered":"R\u00e9ussite d\u2019inspection"},"content":{"rendered":"<section class=\"wpb-content-wrapper\"><p>[vc_row tm_bgimagefixed=\u00a0\u00bb\u00a0\u00bb full_width=\u00a0\u00bbstretch_row_content_no_spaces\u00a0\u00bb][vc_column][vc_single_image image=\u00a0\u00bb3533&Prime; img_size=\u00a0\u00bbfull\u00a0\u00bb alignment=\u00a0\u00bbcenter\u00a0\u00bb][\/vc_column][\/vc_row][vc_row tm_bgimagefixed=\u00a0\u00bb\u00a0\u00bb break_in_responsive=\u00a0\u00bb991&Prime; full_width=\u00a0\u00bbstretch_row\u00a0\u00bb css=\u00a0\u00bb.vc_custom_1669907400605{padding-bottom: 20px !important;}\u00a0\u00bb tm_responsive_css=\u00a0\u00bb46178918|colbreak_no|||||||||colbreak_no|||||65px||0px||colbreak_no||||||||||colbreak_no|||||||||\u00a0\u00bb][vc_column reduce_extra_padding=\u00a0\u00bb991&Prime; tm_responsive_css=\u00a0\u00bb64061151|colbreak_no|||||||||colbreak_no|||||||30px||colbreak_no||||||||||colbreak_no|||||||||\u00a0\u00bb css=\u00a0\u00bb.vc_custom_1626073484664{padding-right: 60px !important;}\u00a0\u00bb]<div class=\"tm-element-heading-wrapper tm-heading-inner tm-element-align-left tm-seperator-solid tm-heading-style-vertical \"><section class=\"tm-vc_cta3-container\"><div class=\"tm-vc_general tm-vc_cta3 tm-cta3-only tm-vc_cta3-style-classic tm-vc_cta3-shape-rounded tm-vc_cta3-align-left tm-vc_cta3-color-transparent tm-vc_cta3-icon-size-md tm-vc_cta3-actions-no tm-cta3-with-desc\"><div class=\"tm-vc_cta3_content-container\"><div class=\"tm-vc_cta3-content\"><header class=\"tm-vc_cta3-content-header tm-wrap\"><div class=\"tm-vc_cta3-headers tm-wrap-cell\"><h2 class=\"tm-custom-heading \" >R\u00e9cipiendaires de prix de r\u00e9ussite d\u2019inspection d\u2019installation ACEE<\/h2>\n<\/div><div class=\"heading-seperator\"><span><\/span><\/div><\/header><div class=\"tm-cta3-content-wrapper\"><p>Chaque ann\u00e9e, nos membres embouteilleurs sont tenus de se soumettre \u00e0 une inspection d&rsquo;usine approfondie, en plusieurs \u00e9tapes, qui couvre tous les domaines de la production, de la source d&rsquo;eau jusqu&rsquo;au produit fini et \u00e0 l&#8217;emballage.\u00a0 Cette exigence de l&rsquo;adh\u00e9sion \u00e0 l&rsquo;Association canadienne des eaux embouteill\u00e9es garantit que seule la plus grande qualit\u00e9 d\u2019eau embouteill\u00e9e est fournie aux consommateurs par nos membres.\u00a0 Pour une liste compl\u00e8te des marques auxquelles vous pouvez faire confiance, veuillez <a href=\"https:\/\/insitucreative.com\/cbwa\/mockup\/fr\/formulaire-de-commande\/\">cliquer ici<\/a>.<\/p>\n<p>En outre, les installations qui obtiennent un score de 95,0 % \u00e0 100 % lors de leur audit, sans aucune non-conformit\u00e9 majeure, re\u00e7oivent un certificat <em>d&rsquo;Excellence en mati\u00e8re de fabrication<\/em> pour l&rsquo;ann\u00e9e o\u00f9 leur audit a \u00e9t\u00e9 r\u00e9alis\u00e9.\u00a0 Un certificat de \u00ab\u00a0Mention honorable\u00a0\u00bb est d\u00e9cern\u00e9 aux usines d&#8217;embouteillage qui obtiennent un score compris entre 90,0 % et 94,9 %, sans non-conformit\u00e9 majeure.<\/p>\n<p>Les marques auxquelles vous pouvez faire confiance sont des produits mis en bouteille dans des installations membres qui ont satisfait \u00e0 toutes les exigences de la CBWA, y compris les normes d\u00e9finies dans le code mod\u00e8le, et qui ont pass\u00e9 l&rsquo;inspection annuelle.<\/p>\n<p>Pour plus d&rsquo;informations sur les normes de l&rsquo;industrie, pour une liste compl\u00e8te des marques auxquelles vous pouvez faire confiance, et pour demander un exemplaire de notre code mod\u00e8le ACEE, veuillez <a href=\"https:\/\/insitucreative.com\/cbwa\/mockup\/fr\/formulaire-de-commande\/\">cliquer ici<\/a>.<\/p><\/div><\/div><\/div><\/div><\/section><\/div> <!-- .tm-element-heading-wrapper container --> [\/vc_column][\/vc_row][vc_row][vc_column][vc_column_text]<\/p>\n<h3 style=\"text-align: center;\">F\u00e9licitations \u00e0 ceux et celles qui ont r\u00e9ussi leur inspection annuelle en 2024.<\/h3>\n<p>[\/vc_column_text][\/vc_column][\/vc_row][vc_row][vc_column][vc_column_text][\/vc_column_text][\/vc_column][\/vc_row]<\/p>\n<\/section>","protected":false},"excerpt":{"rendered":"<p>[vc_row tm_bgimagefixed=\u00a0\u00bb\u00a0\u00bb full_width=\u00a0\u00bbstretch_row_content_no_spaces\u00a0\u00bb][vc_column][vc_single_image image=\u00a0\u00bb3533&Prime; img_size=\u00a0\u00bbfull\u00a0\u00bb alignment=\u00a0\u00bbcenter\u00a0\u00bb][\/vc_column][\/vc_row][vc_row tm_bgimagefixed=\u00a0\u00bb\u00a0\u00bb break_in_responsive=\u00a0\u00bb991&Prime; full_width=\u00a0\u00bbstretch_row\u00a0\u00bb css=\u00a0\u00bb.vc_custom_1669907400605{padding-bottom: 20px !important;}\u00a0\u00bb tm_responsive_css=\u00a0\u00bb46178918|colbreak_no|||||||||colbreak_no|||||65px||0px||colbreak_no||||||||||colbreak_no|||||||||\u00a0\u00bb][vc_column reduce_extra_padding=\u00a0\u00bb991&Prime; tm_responsive_css=\u00a0\u00bb64061151|colbreak_no|||||||||colbreak_no|||||||30px||colbreak_no||||||||||colbreak_no|||||||||\u00a0\u00bb css=\u00a0\u00bb.vc_custom_1626073484664{padding-right: 60px !important;}\u00a0\u00bb][\/vc_column][\/vc_row][vc_row][vc_column][vc_column_text] F\u00e9licitations \u00e0 ceux et celles qui ont r\u00e9ussi leur inspection annuelle en 2024. [\/vc_column_text][\/vc_column][\/vc_row][vc_row][vc_column][vc_column_text][\/vc_column_text][\/vc_column][\/vc_row]<\/p>\n","protected":false},"author":1,"featured_media":0,"parent":0,"menu_order":0,"comment_status":"closed","ping_status":"closed","template":"","meta":{"slim_seo":{"title":"ACEE | R\u00e9ussite d\u2019inspection","description":"Chaque ann\u00e9e, nos membres embouteilleurs sont tenus de se soumettre \u00e0 une inspection d\u2019usine approfondie, en plusieurs \u00e9tape."},"footnotes":""},"class_list":["post-3706","page","type-page","status-publish","hentry"],"_links":{"self":[{"href":"https:\/\/cbwa.ca\/fr\/wp-json\/wp\/v2\/pages\/3706","targetHints":{"allow":["GET"]}}],"collection":[{"href":"https:\/\/cbwa.ca\/fr\/wp-json\/wp\/v2\/pages"}],"about":[{"href":"https:\/\/cbwa.ca\/fr\/wp-json\/wp\/v2\/types\/page"}],"author":[{"embeddable":true,"href":"https:\/\/cbwa.ca\/fr\/wp-json\/wp\/v2\/users\/1"}],"replies":[{"embeddable":true,"href":"https:\/\/cbwa.ca\/fr\/wp-json\/wp\/v2\/comments?post=3706"}],"version-history":[{"count":1,"href":"https:\/\/cbwa.ca\/fr\/wp-json\/wp\/v2\/pages\/3706\/revisions"}],"predecessor-version":[{"id":4556,"href":"https:\/\/cbwa.ca\/fr\/wp-json\/wp\/v2\/pages\/3706\/revisions\/4556"}],"wp:attachment":[{"href":"https:\/\/cbwa.ca\/fr\/wp-json\/wp\/v2\/media?parent=3706"}],"curies":[{"name":"wp","href":"https:\/\/api.w.org\/{rel}","templated":true}]}}