{"id":3702,"date":"2022-12-01T09:33:22","date_gmt":"2022-12-01T14:33:22","guid":{"rendered":"https:\/\/insitucreative.com\/cbwa\/mockup\/our-members\/"},"modified":"2025-09-26T10:08:54","modified_gmt":"2025-09-26T14:08:54","slug":"nos-membres","status":"publish","type":"page","link":"https:\/\/cbwa.ca\/fr\/nos-membres\/","title":{"rendered":"Nos membres"},"content":{"rendered":"<section class=\"wpb-content-wrapper\"><p>[vc_row tm_bgimagefixed=\u00a0\u00bb\u00a0\u00bb full_width=\u00a0\u00bbstretch_row_content_no_spaces\u00a0\u00bb][vc_column][vc_single_image image=\u00a0\u00bb3519&Prime; img_size=\u00a0\u00bbfull\u00a0\u00bb alignment=\u00a0\u00bbcenter\u00a0\u00bb][\/vc_column][\/vc_row][vc_row tm_bgimagefixed=\u00a0\u00bb\u00a0\u00bb break_in_responsive=\u00a0\u00bb991&Prime; full_width=\u00a0\u00bbstretch_row\u00a0\u00bb css=\u00a0\u00bb.vc_custom_1669902417681{padding-bottom: 150px !important;}\u00a0\u00bb tm_responsive_css=\u00a0\u00bb46178918|colbreak_no|||||||||colbreak_no|||||65px||0px||colbreak_no||||||||||colbreak_no|||||||||\u00a0\u00bb][vc_column reduce_extra_padding=\u00a0\u00bb991&Prime; tm_responsive_css=\u00a0\u00bb64061151|colbreak_no|||||||||colbreak_no|||||||30px||colbreak_no||||||||||colbreak_no|||||||||\u00a0\u00bb css=\u00a0\u00bb.vc_custom_1626073484664{padding-right: 60px !important;}\u00a0\u00bb]<div class=\"tm-element-heading-wrapper tm-heading-inner tm-element-align-left tm-seperator-solid tm-heading-style-vertical \"><section class=\"tm-vc_cta3-container\"><div class=\"tm-vc_general tm-vc_cta3 tm-cta3-only tm-vc_cta3-style-classic tm-vc_cta3-shape-rounded tm-vc_cta3-align-left tm-vc_cta3-color-transparent tm-vc_cta3-icon-size-md tm-vc_cta3-actions-no tm-cta3-with-desc\"><div class=\"tm-vc_cta3_content-container\"><div class=\"tm-vc_cta3-content\"><header class=\"tm-vc_cta3-content-header tm-wrap\"><div class=\"tm-vc_cta3-headers tm-wrap-cell\"><h2 class=\"tm-custom-heading \" >Nos membres<\/h2>\n<\/div><div class=\"heading-seperator\"><span><\/span><\/div><\/header><div class=\"tm-cta3-content-wrapper\"><p>Les membres de l\u2019ACEE sont des compagnies d\u2019eau embouteill\u00e9e canadiennes, des manufacturiers d\u2019\u00e9quipements, des distributeurs, des fournisseurs et d\u2019autres qui veulent se joindre \u00e0 l\u2019association.<\/p><\/div><\/div><\/div><\/div><\/section><\/div> <!-- .tm-element-heading-wrapper container --> [\/vc_column][\/vc_row][vc_row tm_bgcolor=\u00a0\u00bbgrey\u00a0\u00bb tm_bgimagefixed=\u00a0\u00bb\u00a0\u00bb break_in_responsive=\u00a0\u00bb991&Prime; full_width=\u00a0\u00bbstretch_row\u00a0\u00bb css=\u00a0\u00bb.vc_custom_1669906016395{padding-top: 0px !important;padding-bottom: 20px !important;}\u00a0\u00bb tm_responsive_css=\u00a0\u00bb27916766|colbreak_no|||||||||colbreak_no|||||15px||35px||colbreak_no||||||||||colbreak_no|||||||||\u00a0\u00bb][vc_column width=\u00a0\u00bb1\/2&Prime; css=\u00a0\u00bb.vc_custom_1626071618648{margin-top: -115px !important;}\u00a0\u00bb tm_responsive_css=\u00a0\u00bb85221388|colbreak_no|||||||||colbreak_no|0px||||||||colbreak_no||||||||||colbreak_no|||||||||\u00a0\u00bb]<div class=\"tm-single-image-wrapper imagestyle-two wpb_single_image vc_align_left \"><div class=\"tm-single-image-inner\"><img decoding=\"async\" src=\"https:\/\/cbwa.ca\/wp-content\/uploads\/2022\/12\/bigBottle3.jpg\" class=\"tm-single-image-img\" alt=\"\" \/><\/div><\/div>[\/vc_column][vc_column reduce_extra_padding=\u00a0\u00bb991&Prime; width=\u00a0\u00bb1\/2&Prime; tm_responsive_css=\u00a0\u00bb96506699|colbreak_no|||||||||colbreak_no|||||70px||||colbreak_no||||||||||colbreak_no|||||||||\u00a0\u00bb css=\u00a0\u00bb.vc_custom_1626072803763{padding-top: 95px !important;padding-left: 30px !important;}\u00a0\u00bb]<div class=\"tm-element-heading-wrapper tm-heading-inner tm-element-align-left tm-seperator-solid tm-heading-style-vertical \"><section class=\"tm-vc_cta3-container\"><div class=\"tm-vc_general tm-vc_cta3 tm-cta3-only tm-vc_cta3-style-classic tm-vc_cta3-shape-rounded tm-vc_cta3-align-left tm-vc_cta3-color-transparent tm-vc_cta3-icon-size-md tm-vc_cta3-actions-no tm-cta3-with-desc\"><div class=\"tm-vc_cta3_content-container\"><div class=\"tm-vc_cta3-content\"><header class=\"tm-vc_cta3-content-header tm-wrap\"><div class=\"tm-vc_cta3-headers tm-wrap-cell\"><h4 class=\"tm-custom-heading \" >Les membres de l\u2019ACEE embouteillent et distribuent 85% des eaux embouteill\u00e9es vendues au Canada.<\/h4>\n<h2 class=\"tm-custom-heading \" >Il y a quatre cat\u00e9gories de membres :<\/h2>\n<\/div><div class=\"heading-seperator\"><span><\/span><\/div><\/header><div class=\"tm-cta3-content-wrapper\">\n<h5>1. Embouteilleur<\/h5>\n<h5>2. Distributeur<\/h5>\n<h5>3. Fournisseur<\/h5>\n<h5>4. Membre associ\u00e9<\/h5>\n<p><\/div><\/div><\/div><\/div><\/section><\/div> <!-- .tm-element-heading-wrapper container --> [\/vc_column][\/vc_row][vc_row][vc_column][vc_empty_space height=\u00a0\u00bb20px\u00a0\u00bb][vc_column_text]Pour \u00eatre membre, tous les embouteilleurs doivent subir une inspection \u00e0 l\u2019improviste annuelle par un auditeur accr\u00e9dit\u00e9, ind\u00e9pendant et reconnu internationalement. Cette inspection couvre toutes les parties des op\u00e9rations d\u2019embouteillage de la source au produit fini. Elle garantit que les membres embouteilleurs de l\u2019ACEE rencontrent les crit\u00e8res du gouvernement f\u00e9d\u00e9ral et ceux de l\u2019association pour la production et la vente de l\u2019eau embouteill\u00e9e.[\/vc_column_text][vc_column_text]<\/p>\n<h4 style=\"text-align: center;\">Pour devenir membre<\/h4>\n<div class=\"tm-vc_btn3-container tm-vc_btn3-center\" style=\"text-align: center;\"><a class=\"tm-vc_general tm-vc_btn3 tm-vc_btn3-size-md tm-vc_btn3-shape-rounded tm-vc_btn3-style-flat tm-vc_btn3-weight-no tm-vc_btn3-icon-left tm-vc_btn3-color-skincolor\" title=\"click here\" href=\"https:\/\/cbwa.ca\/fr\/contact\/\"><i class=\"tm-vc_btn3-icon themifyicon ti-arrow-right\"><\/i> cliquez ici<\/a><\/div>\n<p>[\/vc_column_text][\/vc_column][\/vc_row][vc_row][vc_column][vc_column_text][\/vc_column_text][\/vc_column][\/vc_row]<\/p>\n<\/section>","protected":false},"excerpt":{"rendered":"<p>[vc_row tm_bgimagefixed=\u00a0\u00bb\u00a0\u00bb full_width=\u00a0\u00bbstretch_row_content_no_spaces\u00a0\u00bb][vc_column][vc_single_image image=\u00a0\u00bb3519&Prime; img_size=\u00a0\u00bbfull\u00a0\u00bb alignment=\u00a0\u00bbcenter\u00a0\u00bb][\/vc_column][\/vc_row][vc_row tm_bgimagefixed=\u00a0\u00bb\u00a0\u00bb break_in_responsive=\u00a0\u00bb991&Prime; full_width=\u00a0\u00bbstretch_row\u00a0\u00bb css=\u00a0\u00bb.vc_custom_1669902417681{padding-bottom: 150px !important;}\u00a0\u00bb tm_responsive_css=\u00a0\u00bb46178918|colbreak_no|||||||||colbreak_no|||||65px||0px||colbreak_no||||||||||colbreak_no|||||||||\u00a0\u00bb][vc_column reduce_extra_padding=\u00a0\u00bb991&Prime; tm_responsive_css=\u00a0\u00bb64061151|colbreak_no|||||||||colbreak_no|||||||30px||colbreak_no||||||||||colbreak_no|||||||||\u00a0\u00bb css=\u00a0\u00bb.vc_custom_1626073484664{padding-right: 60px !important;}\u00a0\u00bb][\/vc_column][\/vc_row][vc_row tm_bgcolor=\u00a0\u00bbgrey\u00a0\u00bb tm_bgimagefixed=\u00a0\u00bb\u00a0\u00bb break_in_responsive=\u00a0\u00bb991&Prime; full_width=\u00a0\u00bbstretch_row\u00a0\u00bb css=\u00a0\u00bb.vc_custom_1669906016395{padding-top: 0px !important;padding-bottom: 20px !important;}\u00a0\u00bb tm_responsive_css=\u00a0\u00bb27916766|colbreak_no|||||||||colbreak_no|||||15px||35px||colbreak_no||||||||||colbreak_no|||||||||\u00a0\u00bb][vc_column width=\u00a0\u00bb1\/2&Prime; css=\u00a0\u00bb.vc_custom_1626071618648{margin-top: -115px !important;}\u00a0\u00bb tm_responsive_css=\u00a0\u00bb85221388|colbreak_no|||||||||colbreak_no|0px||||||||colbreak_no||||||||||colbreak_no|||||||||\u00a0\u00bb][\/vc_column][vc_column reduce_extra_padding=\u00a0\u00bb991&Prime; width=\u00a0\u00bb1\/2&Prime; tm_responsive_css=\u00a0\u00bb96506699|colbreak_no|||||||||colbreak_no|||||70px||||colbreak_no||||||||||colbreak_no|||||||||\u00a0\u00bb css=\u00a0\u00bb.vc_custom_1626072803763{padding-top: 95px !important;padding-left: 30px !important;}\u00a0\u00bb][\/vc_column][\/vc_row][vc_row][vc_column][vc_empty_space height=\u00a0\u00bb20px\u00a0\u00bb][vc_column_text]Pour \u00eatre membre, tous les embouteilleurs doivent subir une inspection \u00e0 l\u2019improviste annuelle par &hellip; <a href=\"https:\/\/cbwa.ca\/fr\/nos-membres\/\" class=\"more-link\">Continue reading <span class=\"screen-reader-text\">Nos membres<\/span><\/a><\/p>\n","protected":false},"author":1,"featured_media":0,"parent":0,"menu_order":0,"comment_status":"closed","ping_status":"closed","template":"","meta":{"slim_seo":{"title":"ACEE | Nos membres","description":"Les membres de l\u2019ACEE sont des compagnies d\u2019eau embouteill\u00e9e canadiennes, des manufacturiers d\u2019\u00e9quipements, des distributeurs, des fournisseurs."},"footnotes":""},"class_list":["post-3702","page","type-page","status-publish","hentry"],"_links":{"self":[{"href":"https:\/\/cbwa.ca\/fr\/wp-json\/wp\/v2\/pages\/3702","targetHints":{"allow":["GET"]}}],"collection":[{"href":"https:\/\/cbwa.ca\/fr\/wp-json\/wp\/v2\/pages"}],"about":[{"href":"https:\/\/cbwa.ca\/fr\/wp-json\/wp\/v2\/types\/page"}],"author":[{"embeddable":true,"href":"https:\/\/cbwa.ca\/fr\/wp-json\/wp\/v2\/users\/1"}],"replies":[{"embeddable":true,"href":"https:\/\/cbwa.ca\/fr\/wp-json\/wp\/v2\/comments?post=3702"}],"version-history":[{"count":1,"href":"https:\/\/cbwa.ca\/fr\/wp-json\/wp\/v2\/pages\/3702\/revisions"}],"predecessor-version":[{"id":4631,"href":"https:\/\/cbwa.ca\/fr\/wp-json\/wp\/v2\/pages\/3702\/revisions\/4631"}],"wp:attachment":[{"href":"https:\/\/cbwa.ca\/fr\/wp-json\/wp\/v2\/media?parent=3702"}],"curies":[{"name":"wp","href":"https:\/\/api.w.org\/{rel}","templated":true}]}}