{"id":3694,"date":"2022-12-05T16:39:01","date_gmt":"2022-12-05T21:39:01","guid":{"rendered":"https:\/\/insitucreative.com\/cbwa\/mockup\/newsletter\/"},"modified":"2025-09-26T09:59:37","modified_gmt":"2025-09-26T13:59:37","slug":"infolettre","status":"publish","type":"page","link":"https:\/\/cbwa.ca\/fr\/infolettre\/","title":{"rendered":"Infolettre"},"content":{"rendered":"<section class=\"wpb-content-wrapper\"><p>[vc_row tm_bgimagefixed=\u00a0\u00bb\u00a0\u00bb full_width=\u00a0\u00bbstretch_row_content_no_spaces\u00a0\u00bb][vc_column][vc_single_image image=\u00a0\u00bb3534&Prime; img_size=\u00a0\u00bbfull\u00a0\u00bb alignment=\u00a0\u00bbcenter\u00a0\u00bb][\/vc_column][\/vc_row][vc_row tm_bgimagefixed=\u00a0\u00bb\u00a0\u00bb break_in_responsive=\u00a0\u00bb991&Prime; full_width=\u00a0\u00bbstretch_row\u00a0\u00bb css=\u00a0\u00bb.vc_custom_1669907400605{padding-bottom: 20px !important;}\u00a0\u00bb tm_responsive_css=\u00a0\u00bb46178918|colbreak_no|||||||||colbreak_no|||||65px||0px||colbreak_no||||||||||colbreak_no|||||||||\u00a0\u00bb][vc_column reduce_extra_padding=\u00a0\u00bb991&Prime; tm_responsive_css=\u00a0\u00bb64061151|colbreak_no|||||||||colbreak_no|||||||30px||colbreak_no||||||||||colbreak_no|||||||||\u00a0\u00bb css=\u00a0\u00bb.vc_custom_1626073484664{padding-right: 60px !important;}\u00a0\u00bb]<div class=\"tm-element-heading-wrapper tm-heading-inner tm-element-align-left tm-seperator-solid tm-heading-style-vertical \"><section class=\"tm-vc_cta3-container\"><div class=\"tm-vc_general tm-vc_cta3 tm-cta3-only tm-vc_cta3-style-classic tm-vc_cta3-shape-rounded tm-vc_cta3-align-left tm-vc_cta3-color-transparent tm-vc_cta3-icon-size-md tm-vc_cta3-actions-no tm-cta3-with-desc\"><div class=\"tm-vc_cta3_content-container\"><div class=\"tm-vc_cta3-content\"><header class=\"tm-vc_cta3-content-header tm-wrap\"><div class=\"tm-vc_cta3-headers tm-wrap-cell\"><h2 class=\"tm-custom-heading \" >L'infolettre de l'ACEE<\/h2>\n<\/div><div class=\"heading-seperator\"><span><\/span><\/div><\/header><div class=\"tm-cta3-content-wrapper\"><p>Depuis 2012, le bulletin \u00e9lectronique de l&rsquo;ACEE est la seule source d&rsquo;information hebdomadaire d\u00e9di\u00e9e \u00e0 l&rsquo;industrie de l&rsquo;eau embouteill\u00e9e au Canada. Pour des nouvelles opportunes et fiables qui comptent pour les entreprises, le bulletin \u00e9lectronique ACEE est une lecture incontournable pour les intervenants de l&rsquo;industrie. Le bulletin \u00e9lectronique de l&rsquo;ACEE couvre des questions importantes telles que\u00a0:<\/p>\n<ul>\n<li>Mises \u00e0 jour r\u00e9glementaires\/l\u00e9gislatives<\/li>\n<li>Formations et informations techniques<\/li>\n<li>Affaires publiques et communications<\/li>\n<li>Donn\u00e9es\/statistiques de l&rsquo;industrie<\/li>\n<li>Commercialisation<\/li>\n<li>Histoires et tendances m\u00e9diatiques<\/li>\n<li>\u00c9v\u00e9nements ACEE<\/li>\n<\/ul>\n<p><\/div><\/div><\/div><\/div><\/section><\/div> <!-- .tm-element-heading-wrapper container --> [\/vc_column][\/vc_row][vc_row][vc_column][vc_column_text]<\/p>\n<h3>Abonnez-vous ici !<\/h3>\n<p>[\/vc_column_text]<script type=\"text\/javascript\">\n\/* <![CDATA[ *\/\nvar gform;gform||(document.addEventListener(\"gform_main_scripts_loaded\",function(){gform.scriptsLoaded=!0}),document.addEventListener(\"gform\/theme\/scripts_loaded\",function(){gform.themeScriptsLoaded=!0}),window.addEventListener(\"DOMContentLoaded\",function(){gform.domLoaded=!0}),gform={domLoaded:!1,scriptsLoaded:!1,themeScriptsLoaded:!1,isFormEditor:()=>\"function\"==typeof InitializeEditor,callIfLoaded:function(o){return!(!gform.domLoaded||!gform.scriptsLoaded||!gform.themeScriptsLoaded&&!gform.isFormEditor()||(gform.isFormEditor()&&console.warn(\"The use of gform.initializeOnLoaded() is deprecated in the form editor context and will be removed in Gravity Forms 3.1.\"),o(),0))},initializeOnLoaded:function(o){gform.callIfLoaded(o)||(document.addEventListener(\"gform_main_scripts_loaded\",()=>{gform.scriptsLoaded=!0,gform.callIfLoaded(o)}),document.addEventListener(\"gform\/theme\/scripts_loaded\",()=>{gform.themeScriptsLoaded=!0,gform.callIfLoaded(o)}),window.addEventListener(\"DOMContentLoaded\",()=>{gform.domLoaded=!0,gform.callIfLoaded(o)}))},hooks:{action:{},filter:{}},addAction:function(o,r,e,t){gform.addHook(\"action\",o,r,e,t)},addFilter:function(o,r,e,t){gform.addHook(\"filter\",o,r,e,t)},doAction:function(o){gform.doHook(\"action\",o,arguments)},applyFilters:function(o){return gform.doHook(\"filter\",o,arguments)},removeAction:function(o,r){gform.removeHook(\"action\",o,r)},removeFilter:function(o,r,e){gform.removeHook(\"filter\",o,r,e)},addHook:function(o,r,e,t,n){null==gform.hooks[o][r]&&(gform.hooks[o][r]=[]);var d=gform.hooks[o][r];null==n&&(n=r+\"_\"+d.length),gform.hooks[o][r].push({tag:n,callable:e,priority:t=null==t?10:t})},doHook:function(r,o,e){var t;if(e=Array.prototype.slice.call(e,1),null!=gform.hooks[r][o]&&((o=gform.hooks[r][o]).sort(function(o,r){return o.priority-r.priority}),o.forEach(function(o){\"function\"!=typeof(t=o.callable)&&(t=window[t]),\"action\"==r?t.apply(null,e):e[0]=t.apply(null,e)})),\"filter\"==r)return e[0]},removeHook:function(o,r,t,n){var e;null!=gform.hooks[o][r]&&(e=(e=gform.hooks[o][r]).filter(function(o,r,e){return!!(null!=n&&n!=o.tag||null!=t&&t!=o.priority)}),gform.hooks[o][r]=e)}});\n\/* ]]> *\/\n<\/script>\n\n                <div class='gf_browser_gecko gform_wrapper gravity-theme gform-theme--no-framework' data-form-theme='gravity-theme' data-form-index='0' id='gform_wrapper_5' >\n                        <div class='gform_heading'>\n\t\t\t\t\t\t\t<p class='gform_required_legend'>\u00ab\u00a0<span class=\"gfield_required gfield_required_asterisk\">*<\/span>\u00a0\u00bb indique les champs n\u00e9cessaires<\/p>\n                        <\/div><form method='post' enctype='multipart\/form-data'  id='gform_5'  action='\/fr\/wp-json\/wp\/v2\/pages\/3694' data-formid='5' novalidate>\n                        <div class='gform-body gform_body'><div id='gform_fields_5' class='gform_fields top_label form_sublabel_below description_below validation_below'><div id=\"field_5_2\" class=\"gfield gfield--type-html gfield--input-type-html gfield--width-full gfield_html gfield_html_formatted gfield_no_follows_desc field_sublabel_below gfield--no-description field_description_below field_validation_below gfield_visibility_visible\"  ><span style=\"color:#ff0000\">*Pour membres seulement<\/a> <\/div><fieldset id=\"field_5_1\" class=\"gfield gfield--type-email gfield--input-type-email fieldinput gfield_contains_required field_sublabel_below gfield--no-description field_description_below field_validation_below gfield_visibility_visible\"  ><legend class='gfield_label gform-field-label gfield_label_before_complex' >Votre adresse courriel<span class=\"gfield_required\"><span class=\"gfield_required gfield_required_asterisk\">*<\/span><\/span><\/legend><div class='ginput_complex ginput_container ginput_container_email gform-grid-row' id='input_5_1_container'>\n                                <span id='input_5_1_1_container' class='ginput_left gform-grid-col gform-grid-col--size-auto'>\n                                    <input class='' type='email' name='input_1' id='input_5_1' value=''    aria-required=\"true\" aria-invalid=\"false\"  \/>\n                                    <label for='input_5_1' class='gform-field-label gform-field-label--type-sub '>Courriel<\/label>\n                                <\/span>\n                                <span id='input_5_1_2_container' class='ginput_right gform-grid-col gform-grid-col--size-auto'>\n                                    <input class='' type='email' name='input_1_2' id='input_5_1_2' value=''    aria-required=\"true\" aria-invalid=\"false\"  \/>\n                                    <label for='input_5_1_2' class='gform-field-label gform-field-label--type-sub '>Confirmer votre courriel<\/label>\n                                <\/span>\n                                <div class='gf_clear gf_clear_complex'><\/div>\n                            <\/div><\/fieldset><div id=\"field_5_3\" class=\"gfield gfield--type-turnstile gfield--input-type-turnstile gfield--width-full field_sublabel_below gfield--no-description field_description_below field_validation_below gfield_visibility_visible\"  ><label class='gfield_label gform-field-label' for='input_5_3'>Security<\/label><div class='ginput_container ginput_container_turnstile'><div class='cf-turnstile' data-sitekey='0x4AAAAAACHZZrEB5nQCaX57' data-timeout-callback='SS88TurnstileCallback' data-theme='light' data-size='normal'><\/div><\/div><\/div><\/div><\/div>\n        <div class='gform-footer gform_footer top_label'> <input type='submit' id='gform_submit_button_5' class='gform_button button' onclick='gform.submission.handleButtonClick(this);' data-submission-type='submit' value='Envoyer'  \/> \n            <input type='hidden' class='gform_hidden' name='gform_submission_method' data-js='gform_submission_method_5' value='postback' \/>\n            <input type='hidden' class='gform_hidden' name='gform_theme' data-js='gform_theme_5' id='gform_theme_5' value='gravity-theme' \/>\n            <input type='hidden' class='gform_hidden' name='gform_style_settings' data-js='gform_style_settings_5' id='gform_style_settings_5' value='[]' \/>\n            <input type='hidden' class='gform_hidden' name='is_submit_5' value='1' \/>\n            <input type='hidden' class='gform_hidden' name='gform_submit' value='5' \/>\n            \n            <input type='hidden' class='gform_hidden' name='gform_currency' data-currency='CAD' value='7Yi\/ZE\/IKukpgC7RQrCkb5Km\/H9dC2Z4ydHbvuTSQOwI7+s8rW3a3ytac0cspOnRbJVyv6VkP1aAgMfWdcNNX0IVudsq0Bd+rcICVqcBcfBEzD8=' \/>\n            <input type='hidden' class='gform_hidden' name='gform_unique_id' value='' \/>\n            <input type='hidden' class='gform_hidden' name='state_5' value='WyJbXSIsImQ2Y2M4NjFiNjg2MmM3ODY5Mzc1Yjg0ZjE0YWJiNTlkIl0=' \/>\n            <input type='hidden' autocomplete='off' class='gform_hidden' name='gform_target_page_number_5' id='gform_target_page_number_5' value='0' \/>\n            <input type='hidden' autocomplete='off' class='gform_hidden' name='gform_source_page_number_5' id='gform_source_page_number_5' value='1' \/>\n            <input type='hidden' name='gform_field_values' value='' \/>\n            \n        <\/div>\n                        <\/form>\n                        <\/div><script type=\"text\/javascript\">\n\/* <![CDATA[ *\/\n gform.initializeOnLoaded( function() {gformInitSpinner( 5, 'https:\/\/cbwa.ca\/wp-content\/plugins\/gravityforms\/images\/spinner.svg', true );jQuery('#gform_ajax_frame_5').on('load',function(){var contents = jQuery(this).contents().find('*').html();var is_postback = contents.indexOf('GF_AJAX_POSTBACK') >= 0;if(!is_postback){return;}var form_content = jQuery(this).contents().find('#gform_wrapper_5');var is_confirmation = jQuery(this).contents().find('#gform_confirmation_wrapper_5').length > 0;var is_redirect = contents.indexOf('gformRedirect(){') >= 0;var is_form = form_content.length > 0 && ! is_redirect && ! is_confirmation;var mt = parseInt(jQuery('html').css('margin-top'), 10) + parseInt(jQuery('body').css('margin-top'), 10) + 100;if(is_form){jQuery('#gform_wrapper_5').html(form_content.html());if(form_content.hasClass('gform_validation_error')){jQuery('#gform_wrapper_5').addClass('gform_validation_error');} else {jQuery('#gform_wrapper_5').removeClass('gform_validation_error');}setTimeout( function() { \/* delay the scroll by 50 milliseconds to fix a bug in chrome *\/  }, 50 );if(window['gformInitDatepicker']) {gformInitDatepicker();}if(window['gformInitPriceFields']) {gformInitPriceFields();}var current_page = jQuery('#gform_source_page_number_5').val();gformInitSpinner( 5, 'https:\/\/cbwa.ca\/wp-content\/plugins\/gravityforms\/images\/spinner.svg', true );jQuery(document).trigger('gform_page_loaded', [5, current_page]);window['gf_submitting_5'] = false;}else if(!is_redirect){var confirmation_content = jQuery(this).contents().find('.GF_AJAX_POSTBACK').html();if(!confirmation_content){confirmation_content = contents;}jQuery('#gform_wrapper_5').replaceWith(confirmation_content);jQuery(document).trigger('gform_confirmation_loaded', [5]);window['gf_submitting_5'] = false;wp.a11y.speak(jQuery('#gform_confirmation_message_5').text());}else{jQuery('#gform_5').append(contents);if(window['gformRedirect']) {gformRedirect();}}jQuery(document).trigger(\"gform_pre_post_render\", [{ formId: \"5\", currentPage: \"current_page\", abort: function() { this.preventDefault(); } }]);        if (event && event.defaultPrevented) {                return;        }        const gformWrapperDiv = document.getElementById( \"gform_wrapper_5\" );        if ( gformWrapperDiv ) {            const visibilitySpan = document.createElement( \"span\" );            visibilitySpan.id = \"gform_visibility_test_5\";            gformWrapperDiv.insertAdjacentElement( \"afterend\", visibilitySpan );        }        const visibilityTestDiv = document.getElementById( \"gform_visibility_test_5\" );        let postRenderFired = false;        function triggerPostRender() {            if ( postRenderFired ) {                return;            }            postRenderFired = true;            gform.core.triggerPostRenderEvents( 5, current_page );            if ( visibilityTestDiv ) {                visibilityTestDiv.parentNode.removeChild( visibilityTestDiv );            }        }        function debounce( func, wait, immediate ) {            var timeout;            return function() {                var context = this, args = arguments;                var later = function() {                    timeout = null;                    if ( !immediate ) func.apply( context, args );                };                var callNow = immediate && !timeout;                clearTimeout( timeout );                timeout = setTimeout( later, wait );                if ( callNow ) func.apply( context, args );            };        }        const debouncedTriggerPostRender = debounce( function() {            triggerPostRender();        }, 200 );        if ( visibilityTestDiv && visibilityTestDiv.offsetParent === null ) {            const observer = new MutationObserver( ( mutations ) => {                mutations.forEach( ( mutation ) => {                    if ( mutation.type === 'attributes' && visibilityTestDiv.offsetParent !== null ) {                        debouncedTriggerPostRender();                        observer.disconnect();                    }                });            });            observer.observe( document.body, {                attributes: true,                childList: false,                subtree: true,                attributeFilter: [ 'style', 'class' ],            });        } else {            triggerPostRender();        }    } );} ); \n\/* ]]> *\/\n<\/script>\n[\/vc_column][\/vc_row][vc_row][vc_column][vc_column_text][\/vc_column_text][\/vc_column][\/vc_row]<\/p>\n<\/section>","protected":false},"excerpt":{"rendered":"<p>[vc_row tm_bgimagefixed=\u00a0\u00bb\u00a0\u00bb full_width=\u00a0\u00bbstretch_row_content_no_spaces\u00a0\u00bb][vc_column][vc_single_image image=\u00a0\u00bb3534&Prime; img_size=\u00a0\u00bbfull\u00a0\u00bb alignment=\u00a0\u00bbcenter\u00a0\u00bb][\/vc_column][\/vc_row][vc_row tm_bgimagefixed=\u00a0\u00bb\u00a0\u00bb break_in_responsive=\u00a0\u00bb991&Prime; full_width=\u00a0\u00bbstretch_row\u00a0\u00bb css=\u00a0\u00bb.vc_custom_1669907400605{padding-bottom: 20px !important;}\u00a0\u00bb tm_responsive_css=\u00a0\u00bb46178918|colbreak_no|||||||||colbreak_no|||||65px||0px||colbreak_no||||||||||colbreak_no|||||||||\u00a0\u00bb][vc_column reduce_extra_padding=\u00a0\u00bb991&Prime; tm_responsive_css=\u00a0\u00bb64061151|colbreak_no|||||||||colbreak_no|||||||30px||colbreak_no||||||||||colbreak_no|||||||||\u00a0\u00bb css=\u00a0\u00bb.vc_custom_1626073484664{padding-right: 60px !important;}\u00a0\u00bb][\/vc_column][\/vc_row][vc_row][vc_column][vc_column_text] Abonnez-vous ici ! [\/vc_column_text][\/vc_column][\/vc_row][vc_row][vc_column][vc_column_text][\/vc_column_text][\/vc_column][\/vc_row]<\/p>\n","protected":false},"author":1,"featured_media":0,"parent":0,"menu_order":0,"comment_status":"closed","ping_status":"closed","template":"","meta":{"slim_seo":{"title":"ACEE | Infolettre","description":"Depuis 2012, le bulletin \u00e9lectronique de l\u2019ACEE est la seule source d\u2019information hebdomadaire d\u00e9di\u00e9e \u00e0 l\u2019industrie de l\u2019eau embouteill\u00e9e au Canada."},"footnotes":""},"class_list":["post-3694","page","type-page","status-publish","hentry"],"_links":{"self":[{"href":"https:\/\/cbwa.ca\/fr\/wp-json\/wp\/v2\/pages\/3694","targetHints":{"allow":["GET"]}}],"collection":[{"href":"https:\/\/cbwa.ca\/fr\/wp-json\/wp\/v2\/pages"}],"about":[{"href":"https:\/\/cbwa.ca\/fr\/wp-json\/wp\/v2\/types\/page"}],"author":[{"embeddable":true,"href":"https:\/\/cbwa.ca\/fr\/wp-json\/wp\/v2\/users\/1"}],"replies":[{"embeddable":true,"href":"https:\/\/cbwa.ca\/fr\/wp-json\/wp\/v2\/comments?post=3694"}],"version-history":[{"count":1,"href":"https:\/\/cbwa.ca\/fr\/wp-json\/wp\/v2\/pages\/3694\/revisions"}],"predecessor-version":[{"id":4626,"href":"https:\/\/cbwa.ca\/fr\/wp-json\/wp\/v2\/pages\/3694\/revisions\/4626"}],"wp:attachment":[{"href":"https:\/\/cbwa.ca\/fr\/wp-json\/wp\/v2\/media?parent=3694"}],"curies":[{"name":"wp","href":"https:\/\/api.w.org\/{rel}","templated":true}]}}