{"id":3690,"date":"2022-12-06T09:36:51","date_gmt":"2022-12-06T14:36:51","guid":{"rendered":"https:\/\/insitucreative.com\/cbwa\/mockup\/membership\/"},"modified":"2025-09-26T10:07:18","modified_gmt":"2025-09-26T14:07:18","slug":"membres","status":"publish","type":"page","link":"https:\/\/cbwa.ca\/fr\/membres\/","title":{"rendered":"Membres de l\u2019ACEE"},"content":{"rendered":"<section class=\"wpb-content-wrapper\"><p>[vc_row tm_bgimagefixed=\u00a0\u00bb\u00a0\u00bb full_width=\u00a0\u00bbstretch_row_content_no_spaces\u00a0\u00bb][vc_column][vc_single_image image=\u00a0\u00bb3540&Prime; img_size=\u00a0\u00bbfull\u00a0\u00bb alignment=\u00a0\u00bbcenter\u00a0\u00bb][\/vc_column][\/vc_row][vc_row tm_bgimagefixed=\u00a0\u00bb\u00a0\u00bb full_width=\u00a0\u00bbstretch_row\u00a0\u00bb tm_responsive_css=\u00a0\u00bb13833885|colbreak_no|||||||||colbreak_no|||||50px||30px||colbreak_no||||||||||colbreak_no|||||||||\u00a0\u00bb][vc_column]<div class=\"themetechmount-boxes themetechmount-boxes-steps themetechmount-boxes-view-default themetechmount-boxes-col-two themetechmount-boxes-sortable- themetechmount-boxes-textalign-left\">\n\t\t<div class=\"themetechmount-boxes-inner themetechmount-boxes-steps-inner \"><div class=\"themetechmount-box-heading-wrapper tm-element-align-left\"><div class=\"tm-element-heading-wrapper tm-heading-inner tm-element-align-left tm-seperator-solid tm-heading-style-vertical \"><section class=\"tm-vc_cta3-container\"><div class=\"tm-vc_general tm-vc_cta3 tm-cta3-only tm-vc_cta3-style-classic tm-vc_cta3-shape-rounded tm-vc_cta3-align-left tm-vc_cta3-color-transparent tm-vc_cta3-icon-size-md tm-vc_cta3-actions-no tm-cta3-without-desc\"><div class=\"tm-vc_cta3_content-container\"><div class=\"tm-vc_cta3-content\"><header class=\"tm-vc_cta3-content-header tm-wrap\"><div class=\"tm-vc_cta3-headers tm-wrap-cell\"><h2 class=\"tm-custom-heading \" >Membres de l\u2019ACEE<\/h2>\n<h4 class=\"tm-custom-heading \" >B\u00e9n\u00e9fices aux membres de l\u2019ACEE<\/h4>\n<\/div><div class=\"heading-seperator\"><span><\/span><\/div><\/header><\/div><\/div><\/div><\/section><\/div> <!-- .tm-element-heading-wrapper container --> <\/div> <!-- .tm-element-heading-wrapper container --> <div class=\"row multi-columns-row themetechmount-boxes-row-wrapper\"><div class=\"tm-box-col-wrapper col-lg-6 col-sm-6 col-md-6 col-xs-12 \">\n\t\t\t\t\t\t<div class=\"tm-static-box-wrapper tm-steps-box steps-style1\">\n\t\t\t\t\t\t\t<div class=\"tm-static-box-content\" >\n\t\t\t\t\t\t\t\t<div class=\"tm-box-iconbox\">\n\t\t\t\t\t\t\t\t\t<div class=\"tm-static-icon\">\n\t\t\t\t\t\t\t\t\t\t<div class=\"tm-vc_icon_element tm-vc_icon_element-outer tm-vc_icon_element-align-left \"><div class=\"tm-vc_icon_element-inner  tm-vc_icon_element-color-skincolor tm-vc_icon_element-size-md tm-vc_icon_element-style- tm-vc_icon_element-background-color-grey\" ><span class=\"tm-vc_icon_element-icon fa fa-comments-o\" ><\/span><\/div><\/div>\n\t\t\t\t\t\t\t\t\t\t<div class=\"tm-static-steps-num\">\n\t\t\t\t\t\t\t\t\t\t\t<span>01<\/span>\n\t\t\t\t\t\t\t\t\t\t<\/div>\n\t\t\t\t\t\t\t\t\t<\/div>\n\t\t\t\t\t\t\t\t\t<div class=\"tm-steps-descbox\">\n\t\t\t\t\t\t\t\t\t\t<div class=\"tm-steps-desc\">\n\t\t\t\t\t\t\t\t\t\t\t<h4 class=\"tm-custom-heading\">R\u00e9seautage<\/h4>\n\t\t\t\t\t\t\t\t\t\t\t<div class=\"tm-item-desc\">Des activit\u00e9s industrielles sp\u00e9cifiques annuelles offrant l\u2019occasion de vous connecter avec des experts et des contacts pour faire cro\u00eetre votre soci\u00e9t\u00e9.<\/div>\t\t\n\t\t\t\t\t\t\t\t\t\t<\/div>\n\t\t\t\t\t\t\t\t\t<\/div>\n\t\t\t\t\t\t\t\t<\/div>\n\t\t\t\t\t\t\t<\/div>\n\t\t\t\t\t\t<\/div>\n\t\t\t\t\t\t<\/div><div class=\"tm-box-col-wrapper col-lg-6 col-sm-6 col-md-6 col-xs-12 \">\n\t\t\t\t\t\t<div class=\"tm-static-box-wrapper tm-steps-box steps-style1\">\n\t\t\t\t\t\t\t<div class=\"tm-static-box-content\" >\n\t\t\t\t\t\t\t\t<div class=\"tm-box-iconbox\">\n\t\t\t\t\t\t\t\t\t<div class=\"tm-static-icon\">\n\t\t\t\t\t\t\t\t\t\t<div class=\"tm-vc_icon_element tm-vc_icon_element-outer tm-vc_icon_element-align-left \"><div class=\"tm-vc_icon_element-inner  tm-vc_icon_element-color-skincolor tm-vc_icon_element-size-md tm-vc_icon_element-style- tm-vc_icon_element-background-color-grey\" ><span class=\"tm-vc_icon_element-icon fa fa-university\" ><\/span><\/div><\/div>\n\t\t\t\t\t\t\t\t\t\t<div class=\"tm-static-steps-num\">\n\t\t\t\t\t\t\t\t\t\t\t<span>02<\/span>\n\t\t\t\t\t\t\t\t\t\t<\/div>\n\t\t\t\t\t\t\t\t\t<\/div>\n\t\t\t\t\t\t\t\t\t<div class=\"tm-steps-descbox\">\n\t\t\t\t\t\t\t\t\t\t<div class=\"tm-steps-desc\">\n\t\t\t\t\t\t\t\t\t\t\t<h4 class=\"tm-custom-heading\">Acc\u00e8s aux relations gouvernementales et aux relations publiques <\/h4>\n\t\t\t\t\t\t\t\t\t\t\t<div class=\"tm-item-desc\">En tant que membre, vous pourrez acc\u00e9der aux activit\u00e9s de relations publiques et gouvernementales et recevoir de l\u2019aide avec les m\u00e9dias.<\/div>\t\t\n\t\t\t\t\t\t\t\t\t\t<\/div>\n\t\t\t\t\t\t\t\t\t<\/div>\n\t\t\t\t\t\t\t\t<\/div>\n\t\t\t\t\t\t\t<\/div>\n\t\t\t\t\t\t<\/div>\n\t\t\t\t\t\t<\/div><div class=\"tm-box-col-wrapper col-lg-6 col-sm-6 col-md-6 col-xs-12 \">\n\t\t\t\t\t\t<div class=\"tm-static-box-wrapper tm-steps-box steps-style1\">\n\t\t\t\t\t\t\t<div class=\"tm-static-box-content\" >\n\t\t\t\t\t\t\t\t<div class=\"tm-box-iconbox\">\n\t\t\t\t\t\t\t\t\t<div class=\"tm-static-icon\">\n\t\t\t\t\t\t\t\t\t\t<div class=\"tm-vc_icon_element tm-vc_icon_element-outer tm-vc_icon_element-align-left \"><div class=\"tm-vc_icon_element-inner  tm-vc_icon_element-color-skincolor tm-vc_icon_element-size-md tm-vc_icon_element-style- tm-vc_icon_element-background-color-grey\" ><span class=\"tm-vc_icon_element-icon fa fa-users\" ><\/span><\/div><\/div>\n\t\t\t\t\t\t\t\t\t\t<div class=\"tm-static-steps-num\">\n\t\t\t\t\t\t\t\t\t\t\t<span>03<\/span>\n\t\t\t\t\t\t\t\t\t\t<\/div>\n\t\t\t\t\t\t\t\t\t<\/div>\n\t\t\t\t\t\t\t\t\t<div class=\"tm-steps-descbox\">\n\t\t\t\t\t\t\t\t\t\t<div class=\"tm-steps-desc\">\n\t\t\t\t\t\t\t\t\t\t\t<h4 class=\"tm-custom-heading\">Formations de l\u2019ACEE<\/h4>\n\t\t\t\t\t\t\t\t\t\t\t<div class=\"tm-item-desc\">Des formations techniques et de s\u00e9curit\u00e9 alimentaire sont disponibles pour tous les membres. Les programmes disponibles sont le code mod\u00e8le de l\u2019ACEE, la formation en ligne pour op\u00e9rateurs d\u2019installation accr\u00e9dit\u00e9 (OIA), la formation pour un audit et le programme de salubrit\u00e9 alimentaire pour l\u2019eau embouteill\u00e9e.<\/div>\t\t\n\t\t\t\t\t\t\t\t\t\t<\/div>\n\t\t\t\t\t\t\t\t\t<\/div>\n\t\t\t\t\t\t\t\t<\/div>\n\t\t\t\t\t\t\t<\/div>\n\t\t\t\t\t\t<\/div>\n\t\t\t\t\t\t<\/div><div class=\"tm-box-col-wrapper col-lg-6 col-sm-6 col-md-6 col-xs-12 \">\n\t\t\t\t\t\t<div class=\"tm-static-box-wrapper tm-steps-box steps-style1\">\n\t\t\t\t\t\t\t<div class=\"tm-static-box-content\" >\n\t\t\t\t\t\t\t\t<div class=\"tm-box-iconbox\">\n\t\t\t\t\t\t\t\t\t<div class=\"tm-static-icon\">\n\t\t\t\t\t\t\t\t\t\t<div class=\"tm-vc_icon_element tm-vc_icon_element-outer tm-vc_icon_element-align-left \"><div class=\"tm-vc_icon_element-inner  tm-vc_icon_element-color-skincolor tm-vc_icon_element-size-md tm-vc_icon_element-style- tm-vc_icon_element-background-color-grey\" ><span class=\"tm-vc_icon_element-icon fa fa-volume-up\" ><\/span><\/div><\/div>\n\t\t\t\t\t\t\t\t\t\t<div class=\"tm-static-steps-num\">\n\t\t\t\t\t\t\t\t\t\t\t<span>04<\/span>\n\t\t\t\t\t\t\t\t\t\t<\/div>\n\t\t\t\t\t\t\t\t\t<\/div>\n\t\t\t\t\t\t\t\t\t<div class=\"tm-steps-descbox\">\n\t\t\t\t\t\t\t\t\t\t<div class=\"tm-steps-desc\">\n\t\t\t\t\t\t\t\t\t\t\t<h4 class=\"tm-custom-heading\">Une voix<\/h4>\n\t\t\t\t\t\t\t\t\t\t\t<div class=\"tm-item-desc\">Vous pourrez vous faire entendre sur les questions qui vous affectent incluant la r\u00e9glementation, les communications avec les m\u00e9dias traditionnels et sociaux. <\/div>\t\t\n\t\t\t\t\t\t\t\t\t\t<\/div>\n\t\t\t\t\t\t\t\t\t<\/div>\n\t\t\t\t\t\t\t\t<\/div>\n\t\t\t\t\t\t\t<\/div>\n\t\t\t\t\t\t<\/div>\n\t\t\t\t\t\t<\/div><\/div><\/div><!-- .themetechmount-boxes-inner -->   <\/div><!-- .themetechmount-boxes -->  [\/vc_column][\/vc_row][vc_row tm_bgimagefixed=\u00a0\u00bb\u00a0\u00bb break_in_responsive=\u00a0\u00bb991&Prime; full_width=\u00a0\u00bbstretch_row\u00a0\u00bb css=\u00a0\u00bb.vc_custom_1669907400605{padding-bottom: 20px !important;}\u00a0\u00bb tm_responsive_css=\u00a0\u00bb46178918|colbreak_no|||||||||colbreak_no|||||65px||0px||colbreak_no||||||||||colbreak_no|||||||||\u00a0\u00bb][vc_column reduce_extra_padding=\u00a0\u00bb991&Prime; tm_responsive_css=\u00a0\u00bb64061151|colbreak_no|||||||||colbreak_no|||||||30px||colbreak_no||||||||||colbreak_no|||||||||\u00a0\u00bb css=\u00a0\u00bb.vc_custom_1626073484664{padding-right: 60px !important;}\u00a0\u00bb][vc_empty_space height=\u00a0\u00bb20px\u00a0\u00bb][vc_column_text]<\/p>\n<h4><a href=\"https:\/\/insitucreative.com\/cbwa\/mockup\/fr\/le-conseil-international-des-associations-dembouteilleurs-deau\/\">Le Conseil international d\u2019associations d\u2019eaux embouteill\u00e9es<\/a><\/h4>\n<p>Puisque l\u2019ACEE est membre du Conseil international, vous aurez acc\u00e8s aux tendances internationales, \u00e0 la r\u00e9glementation, aux statistiques et aux donn\u00e9es internationales ainsi qu\u2019a des \u00e9tudes scientifiques qui pourraient impact\u00e9es notre industrie au Canada.<\/p>\n<h4><\/h4>\n<h4><strong>Augmenter votre cr\u00e9dibilit\u00e9<\/strong><\/h4>\n<p>Les membres de l \u2018ACEE sont reconnus pour la grande qualit\u00e9 de leurs produits. De plus, l\u2019ACEE est membre du Pacte canadien sur les plastiques ayant comme objectif d\u2019atteindre des r\u00e9sultats concrets pour r\u00e9duire les d\u00e9chets plastiques.[\/vc_column_text][vc_empty_space height=\u00a0\u00bb20px\u00a0\u00bb][vc_column_text]<\/p>\n<h3 style=\"text-align: center;\"><strong>Pour devenir membre<br \/>\n<\/strong><\/h3>\n<p>[\/vc_column_text]\r\n\t\t<div class=\"tm-vc_btn3-container tm-vc_btn3-center\"><a class=\"tm-vc_general tm-vc_btn3 tm-vc_btn3-size-md tm-vc_btn3-shape-rounded tm-vc_btn3-style-flat tm-vc_btn3-weight-no tm-vc_btn3-color-skincolor\" href=\"https:\/\/cbwa.ca\/fr\/contact\/\" title=\"Contact us\">Cliquez ici<\/a><\/div>[\/vc_column][\/vc_row][vc_row][vc_column][vc_column_text][\/vc_column_text][\/vc_column][\/vc_row]<\/p>\n<\/section>","protected":false},"excerpt":{"rendered":"<p>[vc_row tm_bgimagefixed=\u00a0\u00bb\u00a0\u00bb full_width=\u00a0\u00bbstretch_row_content_no_spaces\u00a0\u00bb][vc_column][vc_single_image image=\u00a0\u00bb3540&Prime; img_size=\u00a0\u00bbfull\u00a0\u00bb alignment=\u00a0\u00bbcenter\u00a0\u00bb][\/vc_column][\/vc_row][vc_row tm_bgimagefixed=\u00a0\u00bb\u00a0\u00bb full_width=\u00a0\u00bbstretch_row\u00a0\u00bb tm_responsive_css=\u00a0\u00bb13833885|colbreak_no|||||||||colbreak_no|||||50px||30px||colbreak_no||||||||||colbreak_no|||||||||\u00a0\u00bb][vc_column][\/vc_column][\/vc_row][vc_row tm_bgimagefixed=\u00a0\u00bb\u00a0\u00bb break_in_responsive=\u00a0\u00bb991&Prime; full_width=\u00a0\u00bbstretch_row\u00a0\u00bb css=\u00a0\u00bb.vc_custom_1669907400605{padding-bottom: 20px !important;}\u00a0\u00bb tm_responsive_css=\u00a0\u00bb46178918|colbreak_no|||||||||colbreak_no|||||65px||0px||colbreak_no||||||||||colbreak_no|||||||||\u00a0\u00bb][vc_column reduce_extra_padding=\u00a0\u00bb991&Prime; tm_responsive_css=\u00a0\u00bb64061151|colbreak_no|||||||||colbreak_no|||||||30px||colbreak_no||||||||||colbreak_no|||||||||\u00a0\u00bb css=\u00a0\u00bb.vc_custom_1626073484664{padding-right: 60px !important;}\u00a0\u00bb][vc_empty_space height=\u00a0\u00bb20px\u00a0\u00bb][vc_column_text] Le Conseil international d\u2019associations d\u2019eaux embouteill\u00e9es Puisque l\u2019ACEE est membre du Conseil international, vous aurez acc\u00e8s aux tendances internationales, \u00e0 la r\u00e9glementation, aux statistiques et aux donn\u00e9es internationales ainsi qu\u2019a des \u00e9tudes scientifiques &hellip; <a href=\"https:\/\/cbwa.ca\/fr\/membres\/\" class=\"more-link\">Continue reading <span class=\"screen-reader-text\">Membres de l\u2019ACEE<\/span><\/a><\/p>\n","protected":false},"author":1,"featured_media":0,"parent":0,"menu_order":0,"comment_status":"closed","ping_status":"closed","template":"","meta":{"slim_seo":{"title":"ACEE | Membres de l\u2019ACEE","description":"Des activit\u00e9s industrielles sp\u00e9cifiques annuelles offrant l\u2019occasion de vous connecter avec des experts et des contacts pour faire cro\u00eetre votre soci\u00e9t\u00e9."},"footnotes":""},"class_list":["post-3690","page","type-page","status-publish","hentry"],"_links":{"self":[{"href":"https:\/\/cbwa.ca\/fr\/wp-json\/wp\/v2\/pages\/3690","targetHints":{"allow":["GET"]}}],"collection":[{"href":"https:\/\/cbwa.ca\/fr\/wp-json\/wp\/v2\/pages"}],"about":[{"href":"https:\/\/cbwa.ca\/fr\/wp-json\/wp\/v2\/types\/page"}],"author":[{"embeddable":true,"href":"https:\/\/cbwa.ca\/fr\/wp-json\/wp\/v2\/users\/1"}],"replies":[{"embeddable":true,"href":"https:\/\/cbwa.ca\/fr\/wp-json\/wp\/v2\/comments?post=3690"}],"version-history":[{"count":1,"href":"https:\/\/cbwa.ca\/fr\/wp-json\/wp\/v2\/pages\/3690\/revisions"}],"predecessor-version":[{"id":4553,"href":"https:\/\/cbwa.ca\/fr\/wp-json\/wp\/v2\/pages\/3690\/revisions\/4553"}],"wp:attachment":[{"href":"https:\/\/cbwa.ca\/fr\/wp-json\/wp\/v2\/media?parent=3690"}],"curies":[{"name":"wp","href":"https:\/\/api.w.org\/{rel}","templated":true}]}}