{"id":3656,"date":"2022-12-05T15:13:11","date_gmt":"2022-12-05T20:13:11","guid":{"rendered":"https:\/\/insitucreative.com\/cbwa\/mockup\/bottled-water-information-and-research-links\/"},"modified":"2025-09-26T10:05:45","modified_gmt":"2025-09-26T14:05:45","slug":"information-sur-leau-embouteillee-et-liens-pour-la-recherche","status":"publish","type":"page","link":"https:\/\/cbwa.ca\/fr\/information-sur-leau-embouteillee-et-liens-pour-la-recherche\/","title":{"rendered":"Information sur l\u2019eau embouteill\u00e9e et liens pour la recherche"},"content":{"rendered":"<section class=\"wpb-content-wrapper\"><p>[vc_row tm_bgimagefixed=\u00a0\u00bb\u00a0\u00bb full_width=\u00a0\u00bbstretch_row_content_no_spaces\u00a0\u00bb][vc_column][vc_single_image image=\u00a0\u00bb3519&Prime; img_size=\u00a0\u00bbfull\u00a0\u00bb alignment=\u00a0\u00bbcenter\u00a0\u00bb][\/vc_column][\/vc_row][vc_row tm_bgimagefixed=\u00a0\u00bb\u00a0\u00bb break_in_responsive=\u00a0\u00bb991&Prime; full_width=\u00a0\u00bbstretch_row\u00a0\u00bb css=\u00a0\u00bb.vc_custom_1669907400605{padding-bottom: 20px !important;}\u00a0\u00bb tm_responsive_css=\u00a0\u00bb46178918|colbreak_no|||||||||colbreak_no|||||65px||0px||colbreak_no||||||||||colbreak_no|||||||||\u00a0\u00bb][vc_column reduce_extra_padding=\u00a0\u00bb991&Prime; tm_responsive_css=\u00a0\u00bb64061151|colbreak_no|||||||||colbreak_no|||||||30px||colbreak_no||||||||||colbreak_no|||||||||\u00a0\u00bb css=\u00a0\u00bb.vc_custom_1626073484664{padding-right: 60px !important;}\u00a0\u00bb]<div class=\"tm-element-heading-wrapper tm-heading-inner tm-element-align-left tm-seperator-solid tm-heading-style-vertical \"><section class=\"tm-vc_cta3-container\"><div class=\"tm-vc_general tm-vc_cta3 tm-cta3-only tm-vc_cta3-style-classic tm-vc_cta3-shape-rounded tm-vc_cta3-align-left tm-vc_cta3-color-transparent tm-vc_cta3-icon-size-md tm-vc_cta3-actions-no tm-cta3-without-desc\"><div class=\"tm-vc_cta3_content-container\"><div class=\"tm-vc_cta3-content\"><header class=\"tm-vc_cta3-content-header tm-wrap\"><div class=\"tm-vc_cta3-headers tm-wrap-cell\"><h2 class=\"tm-custom-heading \" >Information sur l\u2019eau embouteill\u00e9e et liens pour la recherche<\/h2>\n<\/div><div class=\"heading-seperator\"><span><\/span><\/div><\/header><\/div><\/div><\/div><\/section><\/div> <!-- .tm-element-heading-wrapper container --> [\/vc_column][\/vc_row][vc_row][vc_column][vc_column_text]<a href=\"https:\/\/www.canada.ca\/fr\/sante-canada\/services\/aliments-nutrition\/salubrite-aliments\/materiaux-emballage\/bisphenol\/mise-jour-evaluation-exposition-bisphenol-voie-alimentaire.html\" target=\"_blank\" rel=\"noopener\">Mise \u00e0 jour de l&rsquo;\u00e9valuation par Sant\u00e9 Canada de l&rsquo;exposition au bisph\u00e9nol A (BPA) par voie alimentaire 2012<\/a><br \/>\n<a href=\"https:\/\/www.canada.ca\/fr\/sante-canada\/services\/aliments-nutrition\/salubrite-aliments\/materiaux-emballage\/bisphenol\/enquete-presence-eaux-embouteillees.html\" target=\"_blank\" rel=\"noopener\">Enqu\u00eate sur la pr\u00e9sence de bisph\u00e9nol A dans les eaux embouteill\u00e9es<\/a><br \/>\n<a href=\"https:\/\/www.canada.ca\/fr\/sante-canada\/services\/sante-environnement-milieu-travail\/qualite-eau\/eau-potable\/comite-federal-provincial-territorial-eau-potable-sante-canada.html\" target=\"_blank\" rel=\"noopener\">Comit\u00e9 f\u00e9d\u00e9ral-provincial-territorial sur l&rsquo;eau potable<\/a><br \/>\n<a href=\"https:\/\/www.canada.ca\/fr\/sante-canada\/services\/guides-alimentaires-canada.html\" target=\"_blank\" rel=\"noopener\">Guide alimentaire canadien<\/a><br \/>\n<a href=\"https:\/\/www.canada.ca\/fr\/sante-canada\/services\/aliments-nutrition\/guide-alimentaire-canadien\/renseignements-base-guide-alimentaire\/faites-choix-judicieux.html\" target=\"_blank\" rel=\"noopener\">Guide alimentaire canadien &#8211; boissons<\/a><\/p>\n<h4><strong>Gouvernement du Canada<\/strong><\/h4>\n<ul>\n<li><a href=\"http:\/\/www.preparez-vous.gc.ca\/cnt\/rsrcs\/pblctns\/yprprdnssgd\/index-fra.aspx\" target=\"_blank\" rel=\"noopener\">Votre guide de pr\u00e9paration aux urgences<\/a><\/li>\n<li><a href=\"http:\/\/www.preparez-vous.gc.ca\/cnt\/rsrcs\/faq-fra.aspx\" target=\"_blank\" rel=\"noopener\">Votre guide de pr\u00e9paration aux urgences, Foire aux questions<\/a><\/li>\n<li><a href=\"https:\/\/www.canada.ca\/fr\/sante-canada\/services\/sante-environnement-milieu-travail\/rapports-publications\/qualite-eau\/parlons-eau-qualite-eau-potable-canada.html\" target=\"_blank\" rel=\"noopener\">Parlons d\u2019eau : la qualit\u00e9 de l\u2019eau potable au Canada<\/a><\/li>\n<li><a href=\"http:\/\/www.inspection.gc.ca\/aliments\/etiquetage\/guide-d-etiquetage-et-de-publicite-sur-les-aliment\/fra\/1300118951990\/1300118996556\" target=\"_blank\" rel=\"noopener\">Guide d\u2019\u00e9tiquetage et de publicit\u00e9 sur les aliments<\/a><\/li>\n<\/ul>\n<h4><strong>Sant\u00e9 Canada<\/strong><\/h4>\n<ul>\n<li><a href=\"https:\/\/www.canada.ca\/fr\/sante-canada\/services\/vie-saine\/votre-sante-vous\/aliments-nutrition\/innocuite-eau-embouteillee.html\" target=\"_blank\" rel=\"noopener\">Votre sant\u00e9 et vous<\/a><\/li>\n<li><a href=\"https:\/\/www.canada.ca\/fr\/sante-canada\/services\/aliments-nutrition\/salubrite-aliments\/information-produit\/foire-questions-eau-embouteillee.html\" target=\"_blank\" rel=\"noopener\">Foire aux questions sur l\u2019eau embouteill\u00e9e<\/a><\/li>\n<li><a href=\"https:\/\/www.canada.ca\/fr\/sante-canada\/services\/aliments-nutrition\/salubrite-aliments\/information-produit\/foire-questions-eau-embouteillee.html\" target=\"_blank\" rel=\"noopener\">Mat\u00e9riaux d\u2019emballage \u2013 salubrit\u00e9 des aliments<\/a><\/li>\n<li><a href=\"https:\/\/www.canada.ca\/fr\/sante-canada\/services\/sante-environnement-milieu-travail\/qualite-eau\/eau-potable.html\" target=\"_blank\" rel=\"noopener\">Eau potable \u2013 qualit\u00e9 de l\u2019eau<\/a><\/li>\n<li><a href=\"https:\/\/laws-lois.justice.gc.ca\/fra\/reglements\/DORS-2018-108\/\" target=\"_blank\" rel=\"noopener\">https:\/\/laws-lois.justice.gc.ca\/fra\/reglements\/DORS-2018-108\/<\/a><\/li>\n<\/ul>\n<h4><strong>Programmes de recyclage<\/strong><\/h4>\n<ul>\n<li><a href=\"http:\/\/www.abcrc.com\/\" target=\"_blank\" rel=\"noopener\">Alberta Beverage Container Recycling Corporation<\/a><\/li>\n<li><a href=\"http:\/\/www.cbcra-acrcb.org\/\" target=\"_blank\" rel=\"noopener\">Canadian Beverage Container Recycling Association<\/a><\/li>\n<li><a href=\"http:\/\/www.ecoentreprises.qc.ca\/home\" target=\"_blank\" rel=\"noopener\">Eco Enterprises Quebec<\/a><\/li>\n<li><a href=\"http:\/\/www.return-it.ca\/\" target=\"_blank\" rel=\"noopener\">Encorp Pacific<\/a><\/li>\n<li><a href=\"http:\/\/encorpatl.ca\/\" target=\"_blank\" rel=\"noopener\">Encorp Atlantic<\/a><\/li>\n<li><a href=\"http:\/\/reclaystewardedge.com\/\" target=\"_blank\" rel=\"noopener\">StewardEdge<\/a><\/li>\n<li><a href=\"http:\/\/www.stewardshipontario.ca\/\" target=\"_blank\" rel=\"noopener\">Stewardship Ontario<\/a><\/li>\n<li><a href=\"http:\/\/www.recyc-quebec.gouv.qc.ca\" target=\"_blank\" rel=\"noopener\">Recyc-Quebec<\/a><\/li>\n<\/ul>\n<h4><strong>Plastiques<\/strong><\/h4>\n<p>Sant\u00e9 Canda et la Food &amp; Drug Administration am\u00e9ricaine ont approuv\u00e9 les contenants faits de PET et de polycarbonate pour les besoins alimentaires. Les plastiques utilis\u00e9s pour les contenants d\u2019eau embouteill\u00e9e sont s\u00e9curitaires.<\/p>\n<h4><strong>Ressources pour les plastiques:<\/strong><\/h4>\n<ul>\n<li><a href=\"https:\/\/www.plastics.ca\/\" target=\"_blank\" rel=\"noopener\">Canadian Plastics Industry Association<\/a><\/li>\n<li><a href=\"https:\/\/plastics.americanchemistry.com\/default.aspx\" target=\"_blank\" rel=\"noopener\">American Plastics Council<\/a><\/li>\n<li><a href=\"http:\/\/www.plasticsmythbuster.org\/\" target=\"_blank\" rel=\"noopener\">Plastic Myths Unwrapped<\/a><\/li>\n<li><a href=\"http:\/\/www.bisphenol-a.org\" target=\"_blank\" rel=\"noopener\">Bisphenol A<\/a><\/li>\n<\/ul>\n<p>[\/vc_column_text][\/vc_column][\/vc_row][vc_row][vc_column][vc_column_text][\/vc_column_text][\/vc_column][\/vc_row]<\/p>\n<\/section>","protected":false},"excerpt":{"rendered":"<p>[vc_row tm_bgimagefixed=\u00a0\u00bb\u00a0\u00bb full_width=\u00a0\u00bbstretch_row_content_no_spaces\u00a0\u00bb][vc_column][vc_single_image image=\u00a0\u00bb3519&Prime; img_size=\u00a0\u00bbfull\u00a0\u00bb alignment=\u00a0\u00bbcenter\u00a0\u00bb][\/vc_column][\/vc_row][vc_row tm_bgimagefixed=\u00a0\u00bb\u00a0\u00bb break_in_responsive=\u00a0\u00bb991&Prime; full_width=\u00a0\u00bbstretch_row\u00a0\u00bb css=\u00a0\u00bb.vc_custom_1669907400605{padding-bottom: 20px !important;}\u00a0\u00bb tm_responsive_css=\u00a0\u00bb46178918|colbreak_no|||||||||colbreak_no|||||65px||0px||colbreak_no||||||||||colbreak_no|||||||||\u00a0\u00bb][vc_column reduce_extra_padding=\u00a0\u00bb991&Prime; tm_responsive_css=\u00a0\u00bb64061151|colbreak_no|||||||||colbreak_no|||||||30px||colbreak_no||||||||||colbreak_no|||||||||\u00a0\u00bb css=\u00a0\u00bb.vc_custom_1626073484664{padding-right: 60px !important;}\u00a0\u00bb][\/vc_column][\/vc_row][vc_row][vc_column][vc_column_text]Mise \u00e0 jour de l&rsquo;\u00e9valuation par Sant\u00e9 Canada de l&rsquo;exposition au bisph\u00e9nol A (BPA) par voie alimentaire 2012 Enqu\u00eate sur la pr\u00e9sence de bisph\u00e9nol A dans les eaux embouteill\u00e9es Comit\u00e9 f\u00e9d\u00e9ral-provincial-territorial sur l&rsquo;eau potable Guide alimentaire canadien Guide &hellip; <a href=\"https:\/\/cbwa.ca\/fr\/information-sur-leau-embouteillee-et-liens-pour-la-recherche\/\" class=\"more-link\">Continue reading <span class=\"screen-reader-text\">Information sur l\u2019eau embouteill\u00e9e et liens pour la recherche<\/span><\/a><\/p>\n","protected":false},"author":1,"featured_media":0,"parent":0,"menu_order":0,"comment_status":"closed","ping_status":"closed","template":"","meta":{"slim_seo":{"title":"ACEE | Information","description":"Information sur l\u2019eau embouteill\u00e9e et liens pour la recherche"},"footnotes":""},"class_list":["post-3656","page","type-page","status-publish","hentry"],"_links":{"self":[{"href":"https:\/\/cbwa.ca\/fr\/wp-json\/wp\/v2\/pages\/3656","targetHints":{"allow":["GET"]}}],"collection":[{"href":"https:\/\/cbwa.ca\/fr\/wp-json\/wp\/v2\/pages"}],"about":[{"href":"https:\/\/cbwa.ca\/fr\/wp-json\/wp\/v2\/types\/page"}],"author":[{"embeddable":true,"href":"https:\/\/cbwa.ca\/fr\/wp-json\/wp\/v2\/users\/1"}],"replies":[{"embeddable":true,"href":"https:\/\/cbwa.ca\/fr\/wp-json\/wp\/v2\/comments?post=3656"}],"version-history":[{"count":1,"href":"https:\/\/cbwa.ca\/fr\/wp-json\/wp\/v2\/pages\/3656\/revisions"}],"predecessor-version":[{"id":4627,"href":"https:\/\/cbwa.ca\/fr\/wp-json\/wp\/v2\/pages\/3656\/revisions\/4627"}],"wp:attachment":[{"href":"https:\/\/cbwa.ca\/fr\/wp-json\/wp\/v2\/media?parent=3656"}],"curies":[{"name":"wp","href":"https:\/\/api.w.org\/{rel}","templated":true}]}}